{"id":8370,"date":"2024-10-04T12:41:05","date_gmt":"2024-10-04T18:41:05","guid":{"rendered":"https:\/\/cedhchiapas.org\/cedh\/?page_id=8370"},"modified":"2024-10-23T12:49:59","modified_gmt":"2024-10-23T18:49:59","slug":"pronunciamientos-cedh","status":"publish","type":"page","link":"https:\/\/cedhchiapas.org\/cedh\/pronunciamientos-cedh\/","title":{"rendered":"Pronunciamientos CEDH"},"content":{"rendered":"\t\t<div data-elementor-type=\"wp-page\" data-elementor-id=\"8370\" class=\"elementor elementor-8370\">\n\t\t\t\t\t\t\t\t\t<section class=\"elementor-section elementor-top-section elementor-element elementor-element-50a2d43c0 elementor-section-boxed elementor-section-height-default elementor-section-height-default wpr-particle-no wpr-sticky-section-no\" data-id=\"50a2d43c0\" data-element_type=\"section\">\n\t\t\t\t\t\t<div class=\"elementor-container elementor-column-gap-default\">\n\t\t\t\t\t<div class=\"elementor-column elementor-col-100 elementor-top-column elementor-element elementor-element-306b0bc\" data-id=\"306b0bc\" data-element_type=\"column\">\n\t\t\t<div class=\"elementor-widget-wrap elementor-element-populated\">\n\t\t\t\t\t\t\t\t<div class=\"elementor-element elementor-element-a132e1 wpr-grid-columns-1 wpr-grid-columns--tablet1 wpr-grid-columns--mobile1 wpr-grid-pagination-center wpr-item-styles-inner elementor-widget elementor-widget-wpr-grid\" data-id=\"a132e1\" data-element_type=\"widget\" data-widget_type=\"wpr-grid.default\">\n\t\t\t\t<div class=\"elementor-widget-container\">\n\t\t\t<ul class=\"wpr-grid-filters elementor-clearfix wpr-grid-filters-sep-right\"><li class=\" wpr-pointer-none wpr-pointer-line-fx wpr-pointer-fx-none\"><span  data-filter=\"*\" class=\"wpr-grid-filters-item wpr-active-filter \">All<\/span><em class=\"wpr-grid-filters-sep\"><\/em><\/li><ul data-parent=\".category-difusion\" class=\"wpr-sub-filters\"><li data-role=\"back\" class=\" wpr-pointer-none wpr-pointer-line-fx wpr-pointer-fx-none\"><span class=\"wpr-back-filter\"  data-ajax-filter=[\"category\",\"difusion\"]  data-filter=\".category-difusion\"><i class=\"fas fa-long-arrow-alt-left\"><\/i>&nbsp;&nbsp;Back<\/span><\/li><li data-role=\"sub\" class=\" wpr-pointer-none wpr-pointer-line-fx wpr-pointer-fx-none\"><span   data-ajax-filter=[\"category\",\"2020\"]  data-filter=\".category-2020\">2020<\/span><em class=\"wpr-grid-filters-sep\"><\/em><\/li><li data-role=\"sub\" class=\" wpr-pointer-none wpr-pointer-line-fx wpr-pointer-fx-none\"><span   data-ajax-filter=[\"category\",\"2019\"]  data-filter=\".category-2019\">2019<\/span><em class=\"wpr-grid-filters-sep\"><\/em><\/li><li data-role=\"sub\" class=\" wpr-pointer-none wpr-pointer-line-fx wpr-pointer-fx-none\"><span   data-ajax-filter=[\"category\",\"2018\"]  data-filter=\".category-2018\">2018<\/span><em class=\"wpr-grid-filters-sep\"><\/em><\/li><li data-role=\"sub\" class=\" wpr-pointer-none wpr-pointer-line-fx wpr-pointer-fx-none\"><span   data-ajax-filter=[\"category\",\"2021\"]  data-filter=\".category-2021\">2021<\/span><em class=\"wpr-grid-filters-sep\"><\/em><\/li><li data-role=\"sub\" class=\" wpr-pointer-none wpr-pointer-line-fx wpr-pointer-fx-none\"><span   data-ajax-filter=[\"category\",\"fmopdh\"]  data-filter=\".category-fmopdh\">FMOPDH<\/span><em class=\"wpr-grid-filters-sep\"><\/em><\/li><li data-role=\"sub\" class=\" wpr-pointer-none wpr-pointer-line-fx wpr-pointer-fx-none\"><span   data-ajax-filter=[\"category\",\"eventos\"]  data-filter=\".category-eventos\">EVENTOS<\/span><em class=\"wpr-grid-filters-sep\"><\/em><\/li><li data-role=\"sub\" class=\" wpr-pointer-none wpr-pointer-line-fx wpr-pointer-fx-none\"><span   data-ajax-filter=[\"category\",\"pronunciamientos-cedh\"]  data-filter=\".category-pronunciamientos-cedh\">Pronunciamientos CEDH<\/span><em class=\"wpr-grid-filters-sep\"><\/em><\/li><\/ul><\/ul><section class=\"wpr-grid elementor-clearfix\" data-settings=\"{&quot;layout&quot;:&quot;list&quot;,&quot;stick_last_element_to_bottom&quot;:&quot;no&quot;,&quot;columns_desktop&quot;:1,&quot;gutter_hr&quot;:0,&quot;gutter_hr_mobile&quot;:0,&quot;gutter_hr_mobile_extra&quot;:0,&quot;gutter_hr_tablet&quot;:0,&quot;gutter_hr_tablet_extra&quot;:0,&quot;gutter_hr_laptop&quot;:0,&quot;gutter_hr_widescreen&quot;:0,&quot;gutter_vr&quot;:7,&quot;gutter_vr_mobile&quot;:7,&quot;gutter_vr_mobile_extra&quot;:7,&quot;gutter_vr_tablet&quot;:7,&quot;gutter_vr_tablet_extra&quot;:7,&quot;gutter_vr_laptop&quot;:7,&quot;gutter_vr_widescreen&quot;:7,&quot;animation&quot;:&quot;default&quot;,&quot;animation_duration&quot;:0.299999999999999988897769753748434595763683319091796875,&quot;animation_delay&quot;:0.1000000000000000055511151231257827021181583404541015625,&quot;deeplinking&quot;:&quot;&quot;,&quot;filters_linkable&quot;:&quot;no&quot;,&quot;filters_default_filter&quot;:&quot;&quot;,&quot;filters_count&quot;:&quot;&quot;,&quot;filters_hide_empty&quot;:&quot;yes&quot;,&quot;filters_animation&quot;:&quot;default&quot;,&quot;filters_animation_duration&quot;:0.299999999999999988897769753748434595763683319091796875,&quot;filters_animation_delay&quot;:0.1000000000000000055511151231257827021181583404541015625,&quot;pagination_type&quot;:&quot;default&quot;,&quot;pagination_max_pages&quot;:2,&quot;media_align&quot;:&quot;left&quot;,&quot;media_width&quot;:0,&quot;media_distance&quot;:0,&quot;lightbox&quot;:{&quot;selector&quot;:&quot;.wpr-grid-image-wrap&quot;,&quot;iframeMaxWidth&quot;:&quot;60%&quot;,&quot;hash&quot;:false,&quot;autoplay&quot;:&quot;true&quot;,&quot;pause&quot;:5000,&quot;progressBar&quot;:&quot;true&quot;,&quot;counter&quot;:&quot;true&quot;,&quot;controls&quot;:&quot;true&quot;,&quot;getCaptionFromTitleOrAlt&quot;:&quot;true&quot;,&quot;thumbnail&quot;:&quot;&quot;,&quot;showThumbByDefault&quot;:&quot;&quot;,&quot;share&quot;:&quot;&quot;,&quot;zoom&quot;:&quot;true&quot;,&quot;fullScreen&quot;:&quot;true&quot;,&quot;download&quot;:&quot;true&quot;}}\"><article class=\"wpr-grid-item elementor-clearfix post-8548 post type-post status-publish format-standard hentry category-difusion category-pronunciamientos-cedh\"><div class=\"wpr-grid-item-inner\"><div class=\"wpr-grid-item-below-content elementor-clearfix\"><h2 class=\"wpr-grid-item-title elementor-repeater-item-2d29edf wpr-grid-item-display-block wpr-grid-item-align-left wpr-pointer-none wpr-pointer-line-fx wpr-pointer-fx-fade\"><div class=\"inner-block\"><a target=\"_self\"  href=\"https:\/\/cedhchiapas.org\/cedh\/pronunciamiento-de-la-cedh-chiapas-ante-la-muerte-de-la-adolescente-con-identidad-resguardada-l-g-n\/\">Pronunciamiento de la CEDH Chiapas ante la muerte de la adolescente con identidad resguardada L. G. (N)<\/a><\/div><\/h2><div class=\"wpr-grid-item-date elementor-repeater-item-589fcd9 wpr-grid-item-display-block wpr-grid-item-align-left\"><div class=\"inner-block\"><span>24\/10\/2024<\/span><\/div><\/div><div class=\"wpr-grid-item-excerpt elementor-repeater-item-0025724 wpr-grid-item-display-block wpr-grid-item-align-left\"><div class=\"inner-block\"><p>Pronunciamiento de la CEDH Chiapas ante la muerte de la adolescente con identidad resguardada L. G. (N) Tuxtla Guti\u00e9rrez, Chiapas, 24 de octubre de 2024. El feminicidio es la violencia<\/p><\/div><\/div><div class=\"wpr-grid-item-read-more elementor-repeater-item-716d6c5 wpr-grid-item-display-block wpr-grid-item-align-left\"><div class=\"inner-block\"><a target=\"_self\" href=\"https:\/\/cedhchiapas.org\/cedh\/pronunciamiento-de-la-cedh-chiapas-ante-la-muerte-de-la-adolescente-con-identidad-resguardada-l-g-n\/\" class=\"wpr-button-effect wpr-button-none\"><span>Leer m\u00e1s<\/span><\/a><\/div><\/div><\/div><\/div><\/article><article class=\"wpr-grid-item elementor-clearfix post-8502 post type-post status-publish format-standard hentry category-difusion category-pronunciamientos-cedh\"><div class=\"wpr-grid-item-inner\"><div class=\"wpr-grid-item-below-content elementor-clearfix\"><h2 class=\"wpr-grid-item-title elementor-repeater-item-2d29edf wpr-grid-item-display-block wpr-grid-item-align-left wpr-pointer-none wpr-pointer-line-fx wpr-pointer-fx-fade\"><div class=\"inner-block\"><a target=\"_self\"  href=\"https:\/\/cedhchiapas.org\/cedh\/comunicado-a-la-opinion-publica-presbitero-marcelo-perez-perez\/\">COMUNICADO A LA OPINI\u00d3N P\u00daBLICA PRESB\u00cdTERO MARCELO P\u00c9REZ P\u00c9REZ<\/a><\/div><\/h2><div class=\"wpr-grid-item-date elementor-repeater-item-589fcd9 wpr-grid-item-display-block wpr-grid-item-align-left\"><div class=\"inner-block\"><span>20\/10\/2024<\/span><\/div><\/div><div class=\"wpr-grid-item-excerpt elementor-repeater-item-0025724 wpr-grid-item-display-block wpr-grid-item-align-left\"><div class=\"inner-block\"><p>COMUNICADO A LA OPINI\u00d3N P\u00daBLICA PRESB\u00cdTERO MARCELO P\u00c9REZ P\u00c9REZ Tuxtla Guti\u00e9rrez, Chiapas, 20 de octubre de 2024. El Presb\u00edtero Marcelo P\u00e9rez P\u00e9rez, sacerdote de la Di\u00f3cesis de San Crist\u00f3bal de<\/p><\/div><\/div><div class=\"wpr-grid-item-read-more elementor-repeater-item-716d6c5 wpr-grid-item-display-block wpr-grid-item-align-left\"><div class=\"inner-block\"><a target=\"_self\" href=\"https:\/\/cedhchiapas.org\/cedh\/comunicado-a-la-opinion-publica-presbitero-marcelo-perez-perez\/\" class=\"wpr-button-effect wpr-button-none\"><span>Leer m\u00e1s<\/span><\/a><\/div><\/div><\/div><\/div><\/article><article class=\"wpr-grid-item elementor-clearfix post-8430 post type-post status-publish format-standard hentry category-difusion category-pronunciamientos-cedh\"><div class=\"wpr-grid-item-inner\"><div class=\"wpr-grid-item-below-content elementor-clearfix\"><h2 class=\"wpr-grid-item-title elementor-repeater-item-2d29edf wpr-grid-item-display-block wpr-grid-item-align-left wpr-pointer-none wpr-pointer-line-fx wpr-pointer-fx-fade\"><div class=\"inner-block\"><a target=\"_self\"  href=\"https:\/\/cedhchiapas.org\/cedh\/pronunciamiento-sobre-el-caso-de-maria-teresa-campos-flores\/\">Pronunciamiento sobre el caso de Mar\u00eda Teresa Campos Flores<\/a><\/div><\/h2><div class=\"wpr-grid-item-date elementor-repeater-item-589fcd9 wpr-grid-item-display-block wpr-grid-item-align-left\"><div class=\"inner-block\"><span>29\/09\/2024<\/span><\/div><\/div><div class=\"wpr-grid-item-excerpt elementor-repeater-item-0025724 wpr-grid-item-display-block wpr-grid-item-align-left\"><div class=\"inner-block\"><p>Pronunciamiento sobre el caso de Mar\u00eda Teresa Campos Flores Tuxtla Guti\u00e9rrez, Chiapas, 29 de septiembre de 2024. El derecho a la no discriminaci\u00f3n y a la participaci\u00f3n pol\u00edtica son pilares<\/p><\/div><\/div><div class=\"wpr-grid-item-read-more elementor-repeater-item-716d6c5 wpr-grid-item-display-block wpr-grid-item-align-left\"><div class=\"inner-block\"><a target=\"_self\" href=\"https:\/\/cedhchiapas.org\/cedh\/pronunciamiento-sobre-el-caso-de-maria-teresa-campos-flores\/\" class=\"wpr-button-effect wpr-button-none\"><span>Leer m\u00e1s<\/span><\/a><\/div><\/div><\/div><\/div><\/article><\/section><div class=\"wpr-grid-pagination elementor-clearfix wpr-grid-pagination-default\"><a href=\"https:\/\/cedhchiapas.org\/cedh\/wp-json\/wp\/v2\/pages\/8370\/page\/2\/\" class=\"wpr-prev-post-link\"><i class=\"fas fa-angle-left\"><\/i>Anteriores<\/a><span class=\"wpr-next-post-link wpr-disabled-arrow\">Recientes<i class=\"fas fa-angle-right\"><\/i><\/span><\/div>\t\t<\/div>\n\t\t\t\t<\/div>\n\t\t\t\t\t<\/div>\n\t\t<\/div>\n\t\t\t\t\t\t\t<\/div>\n\t\t<\/section>\n\t\t\t\t\t\t\t<\/div>\n\t\t","protected":false},"excerpt":{"rendered":"<p>Pronunciamiento sobre el caso de Mar\u00eda Teresa Campos Flores Tuxtla Guti\u00e9rrez, Chiapas, 29 de septiembre de 2024. El derecho a la no discriminaci\u00f3n y a la participaci\u00f3n pol\u00edtica son pilares<\/p>\n","protected":false},"author":2,"featured_media":0,"parent":0,"menu_order":0,"comment_status":"closed","ping_status":"closed","template":"","meta":{"footnotes":""},"jetpack_sharing_enabled":true,"_links":{"self":[{"href":"https:\/\/cedhchiapas.org\/cedh\/wp-json\/wp\/v2\/pages\/8370"}],"collection":[{"href":"https:\/\/cedhchiapas.org\/cedh\/wp-json\/wp\/v2\/pages"}],"about":[{"href":"https:\/\/cedhchiapas.org\/cedh\/wp-json\/wp\/v2\/types\/page"}],"author":[{"embeddable":true,"href":"https:\/\/cedhchiapas.org\/cedh\/wp-json\/wp\/v2\/users\/2"}],"replies":[{"embeddable":true,"href":"https:\/\/cedhchiapas.org\/cedh\/wp-json\/wp\/v2\/comments?post=8370"}],"version-history":[{"count":28,"href":"https:\/\/cedhchiapas.org\/cedh\/wp-json\/wp\/v2\/pages\/8370\/revisions"}],"predecessor-version":[{"id":8544,"href":"https:\/\/cedhchiapas.org\/cedh\/wp-json\/wp\/v2\/pages\/8370\/revisions\/8544"}],"wp:attachment":[{"href":"https:\/\/cedhchiapas.org\/cedh\/wp-json\/wp\/v2\/media?parent=8370"}],"curies":[{"name":"wp","href":"https:\/\/api.w.org\/{rel}","templated":true}]}}