{"id":8002,"date":"2024-06-25T11:04:43","date_gmt":"2024-06-25T17:04:43","guid":{"rendered":"https:\/\/cedhchiapas.org\/cedh\/?page_id=8002"},"modified":"2025-04-08T14:21:10","modified_gmt":"2025-04-08T20:21:10","slug":"comite-de-etica-que-es","status":"publish","type":"page","link":"https:\/\/cedhchiapas.org\/cedh\/comite-de-etica-que-es\/","title":{"rendered":"<!-- Comit\u00e9 de \u00c9tica qu\u00e9 es?-->"},"content":{"rendered":"\t\t<div data-elementor-type=\"wp-page\" data-elementor-id=\"8002\" class=\"elementor elementor-8002\">\n\t\t\t\t\t\t\t\t\t<section class=\"elementor-section elementor-top-section elementor-element elementor-element-6d75152 elementor-section-boxed elementor-section-height-default elementor-section-height-default wpr-particle-no wpr-sticky-section-no\" data-id=\"6d75152\" data-element_type=\"section\">\n\t\t\t\t\t\t<div class=\"elementor-container elementor-column-gap-default\">\n\t\t\t\t\t<div class=\"elementor-column elementor-col-33 elementor-top-column elementor-element elementor-element-a953c54\" data-id=\"a953c54\" data-element_type=\"column\">\n\t\t\t<div class=\"elementor-widget-wrap elementor-element-populated\">\n\t\t\t\t\t\t\t\t<div class=\"elementor-element elementor-element-e531cbb elementor-widget elementor-widget-sidebar\" data-id=\"e531cbb\" data-element_type=\"widget\" data-widget_type=\"sidebar.default\">\n\t\t\t\t<div class=\"elementor-widget-container\">\n\t\t\t<div id=\"nav_menu-4\" class=\"widget widget_nav_menu\"><h4 class=\"widget-title\">Comit\u00e9 de \u00e9tica<\/h4><div class=\"menu-comite-de-etica-container\"><ul id=\"menu-comite-de-etica\" class=\"menu\"><li id=\"menu-item-8045\" class=\"menu-item menu-item-type-post_type menu-item-object-page menu-item-8045\"><a href=\"https:\/\/cedhchiapas.org\/cedh\/comite-de-etica-que-es\/\">\u00bfQu\u00e9 es?<\/a><\/li>\n<li id=\"menu-item-8047\" class=\"menu-item menu-item-type-post_type menu-item-object-page menu-item-8047\"><a href=\"https:\/\/cedhchiapas.org\/cedh\/comite-de-etica-normatividad\/\">Normatividad<\/a><\/li>\n<li id=\"menu-item-6162\" class=\"menu-item menu-item-type-custom menu-item-object-custom menu-item-6162\"><a target=\"_blank\" rel=\"noopener\" href=\"https:\/\/cedhchiapas.org\/cedh\/wp-content\/uploads\/2024\/04\/Programa-de-Trabajo-2024.pdf\">Programa de Trabajo<\/a><\/li>\n<li id=\"menu-item-8048\" class=\"menu-item menu-item-type-post_type menu-item-object-page menu-item-8048\"><a href=\"https:\/\/cedhchiapas.org\/cedh\/comite-de-etica-sesiones\/\">Sesiones<\/a><\/li>\n<li id=\"menu-item-6149\" class=\"menu-item menu-item-type-custom menu-item-object-custom menu-item-6149\"><a target=\"_blank\" rel=\"noopener\" href=\"https:\/\/cedhchiapas.org\/cedh\/wp-content\/uploads\/2023\/03\/PRONUNCIAMIENTO-DE-MEJORA-01_2023-1.pdf\">Pronunciamiento<\/a><\/li>\n<li id=\"menu-item-8049\" class=\"menu-item menu-item-type-post_type menu-item-object-page menu-item-8049\"><a href=\"https:\/\/cedhchiapas.org\/cedh\/comite-de-etica-denuncia\/\">Denuncia<\/a><\/li>\n<li id=\"menu-item-9127\" class=\"menu-item menu-item-type-post_type menu-item-object-page menu-item-9127\"><a href=\"https:\/\/cedhchiapas.org\/cedh\/comite-de-etica-proceso-de-renovacion\/\">Proceso de renovacion<\/a><\/li>\n<\/ul><\/div><\/div>\t\t<\/div>\n\t\t\t\t<\/div>\n\t\t\t\t\t<\/div>\n\t\t<\/div>\n\t\t\t\t<div class=\"elementor-column elementor-col-66 elementor-top-column elementor-element elementor-element-ceed3ce\" data-id=\"ceed3ce\" data-element_type=\"column\">\n\t\t\t<div class=\"elementor-widget-wrap elementor-element-populated\">\n\t\t\t\t\t\t\t\t<div class=\"elementor-element elementor-element-a51ef3f elementor-widget elementor-widget-heading\" data-id=\"a51ef3f\" data-element_type=\"widget\" data-widget_type=\"heading.default\">\n\t\t\t\t<div class=\"elementor-widget-container\">\n\t\t\t<h1 class=\"elementor-heading-title elementor-size-default\">Comit\u00e9 de \u00c9tica<\/h1>\t\t<\/div>\n\t\t\t\t<\/div>\n\t\t\t\t<div class=\"elementor-element elementor-element-1068645 elementor-widget-divider--view-line_icon elementor-view-default elementor-widget-divider--element-align-center elementor-widget elementor-widget-divider\" data-id=\"1068645\" data-element_type=\"widget\" data-widget_type=\"divider.default\">\n\t\t\t\t<div class=\"elementor-widget-container\">\n\t\t\t\t\t<div class=\"elementor-divider\">\n\t\t\t<span class=\"elementor-divider-separator\">\n\t\t\t\t\t\t\t<div class=\"elementor-icon elementor-divider__element\">\n\t\t\t\t\t<i aria-hidden=\"true\" class=\"fas fa-square-full\"><\/i><\/div>\n\t\t\t\t\t\t<\/span>\n\t\t<\/div>\n\t\t\t\t<\/div>\n\t\t\t\t<\/div>\n\t\t\t\t<div class=\"elementor-element elementor-element-8c1c03f elementor-widget elementor-widget-heading\" data-id=\"8c1c03f\" data-element_type=\"widget\" data-widget_type=\"heading.default\">\n\t\t\t\t<div class=\"elementor-widget-container\">\n\t\t\t<h2 class=\"elementor-heading-title elementor-size-default\">\u00bfQu\u00e9 es?<\/h2>\t\t<\/div>\n\t\t\t\t<\/div>\n\t\t\t\t<div class=\"elementor-element elementor-element-a77b7d4 elementor-widget elementor-widget-text-editor\" data-id=\"a77b7d4\" data-element_type=\"widget\" data-widget_type=\"text-editor.default\">\n\t\t\t\t<div class=\"elementor-widget-container\">\n\t\t\t\t\t\t\t<p>\u00d3rgano colegiado encargado de fomentar la \u00c9tica y la Integridad P\u00fablica para lograr una mejora constante del entorno y cultura funcional y organizacional de la Comisi\u00f3n Estatal de los Derechos Humanos. Dicha mejora se materializar\u00e1 a trav\u00e9s de la instrumentaci\u00f3n de las siguientes acciones permanentes:<\/p><ol><li><p>Difusi\u00f3n de los valores y principios instituidos en el C\u00f3digo de \u00c9tica, as\u00ed como en los ordenamientos legales en la materia.<\/p><\/li><li><p>Capacitaci\u00f3n en temas de \u00e9tica, integridad, prevenci\u00f3n de conflicto de intereses, cultura de la legalidad, derechos humanos, equidad de g\u00e9nero, entre otros.<\/p><\/li><li><p>Seguimiento y evaluaci\u00f3n de la implementaci\u00f3n y cumplimiento al C\u00f3digo de Conducta de la CEDH.<\/p><\/li><li><p>Identificaci\u00f3n, pronunciamiento, impulso y seguimiento a las acciones de mejora para la prevenci\u00f3n de incumplimientos a los Valores y a las Reglas de Integridad.<\/p><\/li><li><p>Emisi\u00f3n de opiniones y recomendaciones no vinculantes derivadas del conocimiento de actos presuntamente contrarios o violatorios del C\u00f3digo de \u00c9tica, el C\u00f3digo de Conducta o las Reglas de Integridad.<\/p><\/li><\/ol>\t\t\t\t\t\t<\/div>\n\t\t\t\t<\/div>\n\t\t\t\t<div class=\"elementor-element elementor-element-d447b2f gallery-spacing-custom elementor-widget__width-initial elementor-widget elementor-widget-image-gallery\" data-id=\"d447b2f\" data-element_type=\"widget\" data-widget_type=\"image-gallery.default\">\n\t\t\t\t<div class=\"elementor-widget-container\">\n\t\t\t\t\t<div class=\"elementor-image-gallery\">\n\t\t\t<div id='gallery-1' class='gallery galleryid-8002 gallery-columns-2 gallery-size-full'><figure class='gallery-item'>\n\t\t\t<div class='gallery-icon landscape'>\n\t\t\t\t<img loading=\"lazy\" decoding=\"async\" width=\"2560\" height=\"1707\" src=\"https:\/\/cedhchiapas.org\/cedh\/wp-content\/uploads\/2023\/03\/IMG_5317-scaled.jpg\" class=\"attachment-full size-full\" alt=\"\" srcset=\"https:\/\/cedhchiapas.org\/cedh\/wp-content\/uploads\/2023\/03\/IMG_5317-scaled.jpg 2560w, https:\/\/cedhchiapas.org\/cedh\/wp-content\/uploads\/2023\/03\/IMG_5317-300x200.jpg 300w, https:\/\/cedhchiapas.org\/cedh\/wp-content\/uploads\/2023\/03\/IMG_5317-1024x683.jpg 1024w, https:\/\/cedhchiapas.org\/cedh\/wp-content\/uploads\/2023\/03\/IMG_5317-768x512.jpg 768w, https:\/\/cedhchiapas.org\/cedh\/wp-content\/uploads\/2023\/03\/IMG_5317-1536x1024.jpg 1536w, https:\/\/cedhchiapas.org\/cedh\/wp-content\/uploads\/2023\/03\/IMG_5317-2048x1365.jpg 2048w, https:\/\/cedhchiapas.org\/cedh\/wp-content\/uploads\/2023\/03\/IMG_5317-18x12.jpg 18w\" sizes=\"(max-width: 2560px) 100vw, 2560px\" \/>\n\t\t\t<\/div><\/figure><figure class='gallery-item'>\n\t\t\t<div class='gallery-icon landscape'>\n\t\t\t\t<img loading=\"lazy\" decoding=\"async\" width=\"2560\" height=\"1707\" src=\"https:\/\/cedhchiapas.org\/cedh\/wp-content\/uploads\/2023\/03\/IMG_5311-scaled.jpg\" class=\"attachment-full size-full\" alt=\"\" srcset=\"https:\/\/cedhchiapas.org\/cedh\/wp-content\/uploads\/2023\/03\/IMG_5311-scaled.jpg 2560w, https:\/\/cedhchiapas.org\/cedh\/wp-content\/uploads\/2023\/03\/IMG_5311-300x200.jpg 300w, https:\/\/cedhchiapas.org\/cedh\/wp-content\/uploads\/2023\/03\/IMG_5311-1024x683.jpg 1024w, https:\/\/cedhchiapas.org\/cedh\/wp-content\/uploads\/2023\/03\/IMG_5311-768x512.jpg 768w, https:\/\/cedhchiapas.org\/cedh\/wp-content\/uploads\/2023\/03\/IMG_5311-1536x1024.jpg 1536w, https:\/\/cedhchiapas.org\/cedh\/wp-content\/uploads\/2023\/03\/IMG_5311-2048x1365.jpg 2048w, https:\/\/cedhchiapas.org\/cedh\/wp-content\/uploads\/2023\/03\/IMG_5311-18x12.jpg 18w\" sizes=\"(max-width: 2560px) 100vw, 2560px\" \/>\n\t\t\t<\/div><\/figure>\n\t\t<\/div>\n\t\t<\/div>\n\t\t\t\t<\/div>\n\t\t\t\t<\/div>\n\t\t\t\t\t<\/div>\n\t\t<\/div>\n\t\t\t\t\t\t\t<\/div>\n\t\t<\/section>\n\t\t\t\t\t\t\t<\/div>\n\t\t","protected":false},"excerpt":{"rendered":"<p>Comit\u00e9 de \u00c9tica \u00bfQu\u00e9 es? \u00d3rgano colegiado encargado de fomentar la \u00c9tica y la Integridad P\u00fablica para lograr una mejora constante del entorno y cultura funcional y organizacional de la<\/p>\n","protected":false},"author":2,"featured_media":0,"parent":0,"menu_order":0,"comment_status":"closed","ping_status":"closed","template":"","meta":{"footnotes":""},"jetpack_sharing_enabled":true,"_links":{"self":[{"href":"https:\/\/cedhchiapas.org\/cedh\/wp-json\/wp\/v2\/pages\/8002"}],"collection":[{"href":"https:\/\/cedhchiapas.org\/cedh\/wp-json\/wp\/v2\/pages"}],"about":[{"href":"https:\/\/cedhchiapas.org\/cedh\/wp-json\/wp\/v2\/types\/page"}],"author":[{"embeddable":true,"href":"https:\/\/cedhchiapas.org\/cedh\/wp-json\/wp\/v2\/users\/2"}],"replies":[{"embeddable":true,"href":"https:\/\/cedhchiapas.org\/cedh\/wp-json\/wp\/v2\/comments?post=8002"}],"version-history":[{"count":12,"href":"https:\/\/cedhchiapas.org\/cedh\/wp-json\/wp\/v2\/pages\/8002\/revisions"}],"predecessor-version":[{"id":9617,"href":"https:\/\/cedhchiapas.org\/cedh\/wp-json\/wp\/v2\/pages\/8002\/revisions\/9617"}],"wp:attachment":[{"href":"https:\/\/cedhchiapas.org\/cedh\/wp-json\/wp\/v2\/media?parent=8002"}],"curies":[{"name":"wp","href":"https:\/\/api.w.org\/{rel}","templated":true}]}}