{"id":7275,"date":"2024-02-08T18:07:31","date_gmt":"2024-02-09T00:07:31","guid":{"rendered":"https:\/\/cedhchiapas.org\/cedh\/?page_id=7275"},"modified":"2025-06-24T13:46:10","modified_gmt":"2025-06-24T19:46:10","slug":"publicaciones","status":"publish","type":"page","link":"https:\/\/cedhchiapas.org\/cedh\/publicaciones\/","title":{"rendered":"Publicaciones"},"content":{"rendered":"\t\t<div data-elementor-type=\"wp-page\" data-elementor-id=\"7275\" class=\"elementor elementor-7275\">\n\t\t\t\t\t\t\t\t\t<section class=\"elementor-section elementor-top-section elementor-element elementor-element-9367137 elementor-section-content-middle elementor-section-boxed elementor-section-height-default elementor-section-height-default wpr-particle-no wpr-sticky-section-no\" data-id=\"9367137\" data-element_type=\"section\">\n\t\t\t\t\t\t<div class=\"elementor-container elementor-column-gap-wide\">\n\t\t\t\t\t<div class=\"elementor-column elementor-col-33 elementor-top-column elementor-element elementor-element-8fd1965\" data-id=\"8fd1965\" data-element_type=\"column\">\n\t\t\t<div class=\"elementor-widget-wrap elementor-element-populated\">\n\t\t\t\t\t\t\t\t<div class=\"elementor-element elementor-element-9e5aa72 card elementor-position-top elementor-widget elementor-widget-image-box\" data-id=\"9e5aa72\" data-element_type=\"widget\" data-widget_type=\"image-box.default\">\n\t\t\t\t<div class=\"elementor-widget-container\">\n\t\t\t<div class=\"elementor-image-box-wrapper\"><figure class=\"elementor-image-box-img\"><a href=\"https:\/\/cedhchiapas.org\/cedh\/wp-content\/uploads\/2025\/06\/DIAGNOSTICO-ESTATAL-SOBRE-LA-SITUACION-QUE-GUARDAN-LOS-DERECHOS-LGBT.pdf\" target=\"_blank\" tabindex=\"-1\"><img loading=\"lazy\" decoding=\"async\" width=\"1125\" height=\"1500\" src=\"https:\/\/cedhchiapas.org\/cedh\/wp-content\/uploads\/2025\/06\/DIAGNOSTICO-ESTATAL-SOBRE-LA-SITUACION-QUE-GUARDAN-LOS-DERECHOS-LGBT_page-0001.jpg\" class=\"attachment-full size-full wp-image-10804\" alt=\"\" srcset=\"https:\/\/cedhchiapas.org\/cedh\/wp-content\/uploads\/2025\/06\/DIAGNOSTICO-ESTATAL-SOBRE-LA-SITUACION-QUE-GUARDAN-LOS-DERECHOS-LGBT_page-0001.jpg 1125w, https:\/\/cedhchiapas.org\/cedh\/wp-content\/uploads\/2025\/06\/DIAGNOSTICO-ESTATAL-SOBRE-LA-SITUACION-QUE-GUARDAN-LOS-DERECHOS-LGBT_page-0001-225x300.jpg 225w, https:\/\/cedhchiapas.org\/cedh\/wp-content\/uploads\/2025\/06\/DIAGNOSTICO-ESTATAL-SOBRE-LA-SITUACION-QUE-GUARDAN-LOS-DERECHOS-LGBT_page-0001-768x1024.jpg 768w, https:\/\/cedhchiapas.org\/cedh\/wp-content\/uploads\/2025\/06\/DIAGNOSTICO-ESTATAL-SOBRE-LA-SITUACION-QUE-GUARDAN-LOS-DERECHOS-LGBT_page-0001-9x12.jpg 9w\" sizes=\"(max-width: 1125px) 100vw, 1125px\" \/><\/a><\/figure><div class=\"elementor-image-box-content\"><h3 class=\"elementor-image-box-title\"><a href=\"https:\/\/cedhchiapas.org\/cedh\/wp-content\/uploads\/2025\/06\/DIAGNOSTICO-ESTATAL-SOBRE-LA-SITUACION-QUE-GUARDAN-LOS-DERECHOS-LGBT.pdf\" target=\"_blank\">DIAGN\u00d3STICO ESTATAL SOBRE LA SITUACI\u00d3N QUE GUARDAN LOS DERECHOS LGBT<\/a><\/h3><\/div><\/div>\t\t<\/div>\n\t\t\t\t<\/div>\n\t\t\t\t\t<\/div>\n\t\t<\/div>\n\t\t\t\t<div class=\"elementor-column elementor-col-33 elementor-top-column elementor-element elementor-element-3d88ee0\" data-id=\"3d88ee0\" data-element_type=\"column\">\n\t\t\t<div class=\"elementor-widget-wrap elementor-element-populated\">\n\t\t\t\t\t\t\t\t<div class=\"elementor-element elementor-element-8cefb30 card elementor-position-top elementor-widget elementor-widget-image-box\" data-id=\"8cefb30\" data-element_type=\"widget\" data-widget_type=\"image-box.default\">\n\t\t\t\t<div class=\"elementor-widget-container\">\n\t\t\t<div class=\"elementor-image-box-wrapper\"><figure class=\"elementor-image-box-img\"><a href=\"https:\/\/cedhchiapas.org\/cedh\/wp-content\/uploads\/2024\/02\/Protocolo-de-Coordinacion-Interinstitucional_Chiapas-1.pdf\" target=\"_blank\" tabindex=\"-1\"><img loading=\"lazy\" decoding=\"async\" width=\"1275\" height=\"1650\" src=\"https:\/\/cedhchiapas.org\/cedh\/wp-content\/uploads\/2024\/02\/Protocolo-de-Coordinacion-Interinstitucional_Chiapas-1_page-0001.jpg\" class=\"attachment-full size-full wp-image-7313\" alt=\"\" srcset=\"https:\/\/cedhchiapas.org\/cedh\/wp-content\/uploads\/2024\/02\/Protocolo-de-Coordinacion-Interinstitucional_Chiapas-1_page-0001.jpg 1275w, https:\/\/cedhchiapas.org\/cedh\/wp-content\/uploads\/2024\/02\/Protocolo-de-Coordinacion-Interinstitucional_Chiapas-1_page-0001-232x300.jpg 232w, https:\/\/cedhchiapas.org\/cedh\/wp-content\/uploads\/2024\/02\/Protocolo-de-Coordinacion-Interinstitucional_Chiapas-1_page-0001-791x1024.jpg 791w, https:\/\/cedhchiapas.org\/cedh\/wp-content\/uploads\/2024\/02\/Protocolo-de-Coordinacion-Interinstitucional_Chiapas-1_page-0001-768x994.jpg 768w, https:\/\/cedhchiapas.org\/cedh\/wp-content\/uploads\/2024\/02\/Protocolo-de-Coordinacion-Interinstitucional_Chiapas-1_page-0001-1187x1536.jpg 1187w, https:\/\/cedhchiapas.org\/cedh\/wp-content\/uploads\/2024\/02\/Protocolo-de-Coordinacion-Interinstitucional_Chiapas-1_page-0001-9x12.jpg 9w\" sizes=\"(max-width: 1275px) 100vw, 1275px\" \/><\/a><\/figure><div class=\"elementor-image-box-content\"><h5 class=\"elementor-image-box-title\"><a href=\"https:\/\/cedhchiapas.org\/cedh\/wp-content\/uploads\/2024\/02\/Protocolo-de-Coordinacion-Interinstitucional_Chiapas-1.pdf\" target=\"_blank\">PROTOCOLO DE COORDINACI\u00d3N INSTITUCIONAL PARA LA ATENCI\u00d3N Y PROTECCI\u00d3N DE PERSONAS DEFENSORAS DE DERECHOS HUMANOS Y PERIODISTAS DURANTE EL PROCESO ELECTORAL EN CHIAPAS<\/a><\/h5><\/div><\/div>\t\t<\/div>\n\t\t\t\t<\/div>\n\t\t\t\t\t<\/div>\n\t\t<\/div>\n\t\t\t\t<div class=\"elementor-column elementor-col-33 elementor-top-column elementor-element elementor-element-05b5e21\" data-id=\"05b5e21\" data-element_type=\"column\">\n\t\t\t<div class=\"elementor-widget-wrap elementor-element-populated\">\n\t\t\t\t\t\t\t\t<div class=\"elementor-element elementor-element-5556621 card elementor-position-top elementor-widget elementor-widget-image-box\" data-id=\"5556621\" data-element_type=\"widget\" data-widget_type=\"image-box.default\">\n\t\t\t\t<div class=\"elementor-widget-container\">\n\t\t\t<div class=\"elementor-image-box-wrapper\"><figure class=\"elementor-image-box-img\"><a href=\"https:\/\/cedhchiapas.org\/cedh\/wp-content\/uploads\/2023\/10\/Migracion-genero-y-derechos-humanos.pdf\" target=\"_blank\" tabindex=\"-1\"><img loading=\"lazy\" decoding=\"async\" width=\"886\" height=\"1270\" src=\"https:\/\/cedhchiapas.org\/cedh\/wp-content\/uploads\/2024\/02\/Migracion-genero-y-derechos-humanos-1_page-0001.jpg\" class=\"attachment-full size-full wp-image-7318\" alt=\"\" srcset=\"https:\/\/cedhchiapas.org\/cedh\/wp-content\/uploads\/2024\/02\/Migracion-genero-y-derechos-humanos-1_page-0001.jpg 886w, https:\/\/cedhchiapas.org\/cedh\/wp-content\/uploads\/2024\/02\/Migracion-genero-y-derechos-humanos-1_page-0001-209x300.jpg 209w, https:\/\/cedhchiapas.org\/cedh\/wp-content\/uploads\/2024\/02\/Migracion-genero-y-derechos-humanos-1_page-0001-714x1024.jpg 714w, https:\/\/cedhchiapas.org\/cedh\/wp-content\/uploads\/2024\/02\/Migracion-genero-y-derechos-humanos-1_page-0001-768x1101.jpg 768w, https:\/\/cedhchiapas.org\/cedh\/wp-content\/uploads\/2024\/02\/Migracion-genero-y-derechos-humanos-1_page-0001-8x12.jpg 8w\" sizes=\"(max-width: 886px) 100vw, 886px\" \/><\/a><\/figure><div class=\"elementor-image-box-content\"><h3 class=\"elementor-image-box-title\"><a href=\"https:\/\/cedhchiapas.org\/cedh\/wp-content\/uploads\/2023\/10\/Migracion-genero-y-derechos-humanos.pdf\" target=\"_blank\">MIGRACI\u00d3N, G\u00c9NERO Y DERECHOS HUMANOS<\/a><\/h3><\/div><\/div>\t\t<\/div>\n\t\t\t\t<\/div>\n\t\t\t\t\t<\/div>\n\t\t<\/div>\n\t\t\t\t\t\t\t<\/div>\n\t\t<\/section>\n\t\t\t\t<section class=\"elementor-section elementor-top-section elementor-element elementor-element-663fc95 elementor-section-content-middle elementor-section-boxed elementor-section-height-default elementor-section-height-default wpr-particle-no wpr-sticky-section-no\" data-id=\"663fc95\" data-element_type=\"section\">\n\t\t\t\t\t\t<div class=\"elementor-container elementor-column-gap-wide\">\n\t\t\t\t\t<div class=\"elementor-column elementor-col-33 elementor-top-column elementor-element elementor-element-8a222c5\" data-id=\"8a222c5\" data-element_type=\"column\">\n\t\t\t<div class=\"elementor-widget-wrap elementor-element-populated\">\n\t\t\t\t\t\t\t\t<div class=\"elementor-element elementor-element-cf37452 card elementor-position-top elementor-widget elementor-widget-image-box\" data-id=\"cf37452\" data-element_type=\"widget\" data-widget_type=\"image-box.default\">\n\t\t\t\t<div class=\"elementor-widget-container\">\n\t\t\t<div class=\"elementor-image-box-wrapper\"><figure class=\"elementor-image-box-img\"><a href=\"https:\/\/cedhchiapas.org\/cedh\/wp-content\/uploads\/2023\/04\/Ciudadania-y-Derechos-Humanos-de-las-Mujeres.pdf\" target=\"_blank\" tabindex=\"-1\"><img loading=\"lazy\" decoding=\"async\" width=\"886\" height=\"1270\" src=\"https:\/\/cedhchiapas.org\/cedh\/wp-content\/uploads\/2024\/02\/Ciudadania-y-Derechos-Humanos-de-las-Mujeres-1_page-0001.jpg\" class=\"attachment-full size-full wp-image-7322\" alt=\"\" srcset=\"https:\/\/cedhchiapas.org\/cedh\/wp-content\/uploads\/2024\/02\/Ciudadania-y-Derechos-Humanos-de-las-Mujeres-1_page-0001.jpg 886w, https:\/\/cedhchiapas.org\/cedh\/wp-content\/uploads\/2024\/02\/Ciudadania-y-Derechos-Humanos-de-las-Mujeres-1_page-0001-209x300.jpg 209w, https:\/\/cedhchiapas.org\/cedh\/wp-content\/uploads\/2024\/02\/Ciudadania-y-Derechos-Humanos-de-las-Mujeres-1_page-0001-714x1024.jpg 714w, https:\/\/cedhchiapas.org\/cedh\/wp-content\/uploads\/2024\/02\/Ciudadania-y-Derechos-Humanos-de-las-Mujeres-1_page-0001-768x1101.jpg 768w, https:\/\/cedhchiapas.org\/cedh\/wp-content\/uploads\/2024\/02\/Ciudadania-y-Derechos-Humanos-de-las-Mujeres-1_page-0001-8x12.jpg 8w\" sizes=\"(max-width: 886px) 100vw, 886px\" \/><\/a><\/figure><div class=\"elementor-image-box-content\"><h3 class=\"elementor-image-box-title\"><a href=\"https:\/\/cedhchiapas.org\/cedh\/wp-content\/uploads\/2023\/04\/Ciudadania-y-Derechos-Humanos-de-las-Mujeres.pdf\" target=\"_blank\">CIUDADAN\u00cdA Y DERECHOS HUMANOS DE LAS MUJERES<\/a><\/h3><\/div><\/div>\t\t<\/div>\n\t\t\t\t<\/div>\n\t\t\t\t\t<\/div>\n\t\t<\/div>\n\t\t\t\t<div class=\"elementor-column elementor-col-33 elementor-top-column elementor-element elementor-element-990e3ab\" data-id=\"990e3ab\" data-element_type=\"column\">\n\t\t\t<div class=\"elementor-widget-wrap elementor-element-populated\">\n\t\t\t\t\t\t\t\t<div class=\"elementor-element elementor-element-be4dd8f card elementor-position-top elementor-widget elementor-widget-image-box\" data-id=\"be4dd8f\" data-element_type=\"widget\" data-widget_type=\"image-box.default\">\n\t\t\t\t<div class=\"elementor-widget-container\">\n\t\t\t<div class=\"elementor-image-box-wrapper\"><figure class=\"elementor-image-box-img\"><a href=\"https:\/\/cedhchiapas.org\/cedh\/wp-content\/uploads\/2021\/06\/Chiapas-a-10-anos-de-la-reforma-DIGITAL-INTERACTIVO.pdf\" target=\"_blank\" tabindex=\"-1\"><img loading=\"lazy\" decoding=\"async\" width=\"975\" height=\"1275\" src=\"https:\/\/cedhchiapas.org\/cedh\/wp-content\/uploads\/2024\/02\/Chiapas-a-10-anos-de-la-reforma-DIGITAL-INTERACTIVO-1_page-0001.jpg\" class=\"attachment-full size-full wp-image-7326\" alt=\"\" srcset=\"https:\/\/cedhchiapas.org\/cedh\/wp-content\/uploads\/2024\/02\/Chiapas-a-10-anos-de-la-reforma-DIGITAL-INTERACTIVO-1_page-0001.jpg 975w, https:\/\/cedhchiapas.org\/cedh\/wp-content\/uploads\/2024\/02\/Chiapas-a-10-anos-de-la-reforma-DIGITAL-INTERACTIVO-1_page-0001-229x300.jpg 229w, https:\/\/cedhchiapas.org\/cedh\/wp-content\/uploads\/2024\/02\/Chiapas-a-10-anos-de-la-reforma-DIGITAL-INTERACTIVO-1_page-0001-783x1024.jpg 783w, https:\/\/cedhchiapas.org\/cedh\/wp-content\/uploads\/2024\/02\/Chiapas-a-10-anos-de-la-reforma-DIGITAL-INTERACTIVO-1_page-0001-768x1004.jpg 768w, https:\/\/cedhchiapas.org\/cedh\/wp-content\/uploads\/2024\/02\/Chiapas-a-10-anos-de-la-reforma-DIGITAL-INTERACTIVO-1_page-0001-9x12.jpg 9w\" sizes=\"(max-width: 975px) 100vw, 975px\" \/><\/a><\/figure><div class=\"elementor-image-box-content\"><h3 class=\"elementor-image-box-title\"><a href=\"https:\/\/cedhchiapas.org\/cedh\/wp-content\/uploads\/2021\/06\/Chiapas-a-10-anos-de-la-reforma-DIGITAL-INTERACTIVO.pdf\" target=\"_blank\">CHIAPAS A 10 A\u00d1OS DE LA REFORMA CONSTITUCIONAL<\/a><\/h3><\/div><\/div>\t\t<\/div>\n\t\t\t\t<\/div>\n\t\t\t\t\t<\/div>\n\t\t<\/div>\n\t\t\t\t<div class=\"elementor-column elementor-col-33 elementor-top-column elementor-element elementor-element-af4f6d8\" data-id=\"af4f6d8\" data-element_type=\"column\">\n\t\t\t<div class=\"elementor-widget-wrap elementor-element-populated\">\n\t\t\t\t\t\t\t\t<div class=\"elementor-element elementor-element-26aaf5c card elementor-position-top elementor-widget elementor-widget-image-box\" data-id=\"26aaf5c\" data-element_type=\"widget\" data-widget_type=\"image-box.default\">\n\t\t\t\t<div class=\"elementor-widget-container\">\n\t\t\t<div class=\"elementor-image-box-wrapper\"><figure class=\"elementor-image-box-img\"><a href=\"https:\/\/cedhchiapas.org\/cedh\/wp-content\/uploads\/2021\/07\/CILINDRO-DE-CIRO.pdf\" target=\"_blank\" tabindex=\"-1\"><img loading=\"lazy\" decoding=\"async\" width=\"1275\" height=\"1650\" src=\"https:\/\/cedhchiapas.org\/cedh\/wp-content\/uploads\/2024\/02\/CILINDRO-DE-CIRO-1_page-0001.jpg\" class=\"attachment-full size-full wp-image-7328\" alt=\"\" srcset=\"https:\/\/cedhchiapas.org\/cedh\/wp-content\/uploads\/2024\/02\/CILINDRO-DE-CIRO-1_page-0001.jpg 1275w, https:\/\/cedhchiapas.org\/cedh\/wp-content\/uploads\/2024\/02\/CILINDRO-DE-CIRO-1_page-0001-232x300.jpg 232w, https:\/\/cedhchiapas.org\/cedh\/wp-content\/uploads\/2024\/02\/CILINDRO-DE-CIRO-1_page-0001-791x1024.jpg 791w, https:\/\/cedhchiapas.org\/cedh\/wp-content\/uploads\/2024\/02\/CILINDRO-DE-CIRO-1_page-0001-768x994.jpg 768w, https:\/\/cedhchiapas.org\/cedh\/wp-content\/uploads\/2024\/02\/CILINDRO-DE-CIRO-1_page-0001-1187x1536.jpg 1187w, https:\/\/cedhchiapas.org\/cedh\/wp-content\/uploads\/2024\/02\/CILINDRO-DE-CIRO-1_page-0001-9x12.jpg 9w\" sizes=\"(max-width: 1275px) 100vw, 1275px\" \/><\/a><\/figure><div class=\"elementor-image-box-content\"><h3 class=\"elementor-image-box-title\"><a href=\"https:\/\/cedhchiapas.org\/cedh\/wp-content\/uploads\/2021\/07\/CILINDRO-DE-CIRO.pdf\" target=\"_blank\">GACETA 2020<\/a><\/h3><\/div><\/div>\t\t<\/div>\n\t\t\t\t<\/div>\n\t\t\t\t\t<\/div>\n\t\t<\/div>\n\t\t\t\t\t\t\t<\/div>\n\t\t<\/section>\n\t\t\t\t\t\t\t<\/div>\n\t\t","protected":false},"excerpt":{"rendered":"<p>DIAGN\u00d3STICO ESTATAL SOBRE LA SITUACI\u00d3N QUE GUARDAN LOS DERECHOS LGBT PROTOCOLO DE COORDINACI\u00d3N INSTITUCIONAL PARA LA ATENCI\u00d3N Y PROTECCI\u00d3N DE PERSONAS DEFENSORAS DE DERECHOS HUMANOS Y PERIODISTAS DURANTE EL PROCESO<\/p>\n","protected":false},"author":2,"featured_media":0,"parent":0,"menu_order":0,"comment_status":"closed","ping_status":"closed","template":"","meta":{"footnotes":""},"jetpack_sharing_enabled":true,"_links":{"self":[{"href":"https:\/\/cedhchiapas.org\/cedh\/wp-json\/wp\/v2\/pages\/7275"}],"collection":[{"href":"https:\/\/cedhchiapas.org\/cedh\/wp-json\/wp\/v2\/pages"}],"about":[{"href":"https:\/\/cedhchiapas.org\/cedh\/wp-json\/wp\/v2\/types\/page"}],"author":[{"embeddable":true,"href":"https:\/\/cedhchiapas.org\/cedh\/wp-json\/wp\/v2\/users\/2"}],"replies":[{"embeddable":true,"href":"https:\/\/cedhchiapas.org\/cedh\/wp-json\/wp\/v2\/comments?post=7275"}],"version-history":[{"count":49,"href":"https:\/\/cedhchiapas.org\/cedh\/wp-json\/wp\/v2\/pages\/7275\/revisions"}],"predecessor-version":[{"id":10807,"href":"https:\/\/cedhchiapas.org\/cedh\/wp-json\/wp\/v2\/pages\/7275\/revisions\/10807"}],"wp:attachment":[{"href":"https:\/\/cedhchiapas.org\/cedh\/wp-json\/wp\/v2\/media?parent=7275"}],"curies":[{"name":"wp","href":"https:\/\/api.w.org\/{rel}","templated":true}]}}