{"id":3361,"date":"2020-12-17T14:18:03","date_gmt":"2020-12-17T20:18:03","guid":{"rendered":"https:\/\/cedhchiapas.org\/cedh\/?page_id=3361"},"modified":"2020-12-17T14:18:04","modified_gmt":"2020-12-17T20:18:04","slug":"3361-2","status":"publish","type":"page","link":"https:\/\/cedhchiapas.org\/cedh\/3361-2\/","title":{"rendered":"<!--LA CEDH CAPACITA A SU PERSONAL-->"},"content":{"rendered":"\n<h2 class=\"has-text-align-center wp-block-heading\"><strong>LA CEDH CAPACITA A SU PERSONAL<\/strong><\/h2>\n\n\n\n<h5 class=\"has-text-align-right wp-block-heading\">02 de Marzo 2018<\/h5>\n\n\n\n<h5 class=\"has-text-align-right wp-block-heading\"><span style=\"color:#db5300\" class=\"has-inline-color\">Tuxtla Guti\u00e9rrez, Chiapas<\/span><\/h5>\n\n\n\n<div style=\"height:100px\" aria-hidden=\"true\" class=\"wp-block-spacer\"><\/div>\n\n\n\n<p>Como parte del progreso de capacitaci\u00f3n que ha instruido poner en marcha el Dr. Jos\u00e9 Ram\u00f3n Cancino Crocker, Presidente Interino de la Comisi\u00f3n Estatal de los Derechos Humanos, se imparti\u00f3 el curso denominado \u201cSinergia laboral y trabajo en equipo\u201d dirigido a todo el personal del organismo, e impartido por expertos de la Universidad Lindavista.<\/p>\n\n\n\n<p>El prop\u00f3sito de este curso es mejorar las capacidades de los trabajadores en el desempe\u00f1o de sus actividades cotidianas provey\u00e9ndoles de herramientas que les permitan trabajar en equipo con sensibilidad humana. Finalmente cabe se\u00f1alar, que estas capacitaciones se seguir\u00e1n llevando a cabo durante todo este a\u00f1o, con el apoyo y colaboraci\u00f3n de diversas instituciones gubernamentales y no gubernamentales.<\/p>\n","protected":false},"excerpt":{"rendered":"<p>LA CEDH CAPACITA A SU PERSONAL 02 de Marzo 2018 Tuxtla Guti\u00e9rrez, Chiapas Como parte del progreso de capacitaci\u00f3n que ha instruido poner en marcha el Dr. Jos\u00e9 Ram\u00f3n Cancino<\/p>\n","protected":false},"author":2,"featured_media":0,"parent":0,"menu_order":0,"comment_status":"closed","ping_status":"closed","template":"","meta":{"footnotes":""},"jetpack_sharing_enabled":true,"_links":{"self":[{"href":"https:\/\/cedhchiapas.org\/cedh\/wp-json\/wp\/v2\/pages\/3361"}],"collection":[{"href":"https:\/\/cedhchiapas.org\/cedh\/wp-json\/wp\/v2\/pages"}],"about":[{"href":"https:\/\/cedhchiapas.org\/cedh\/wp-json\/wp\/v2\/types\/page"}],"author":[{"embeddable":true,"href":"https:\/\/cedhchiapas.org\/cedh\/wp-json\/wp\/v2\/users\/2"}],"replies":[{"embeddable":true,"href":"https:\/\/cedhchiapas.org\/cedh\/wp-json\/wp\/v2\/comments?post=3361"}],"version-history":[{"count":1,"href":"https:\/\/cedhchiapas.org\/cedh\/wp-json\/wp\/v2\/pages\/3361\/revisions"}],"predecessor-version":[{"id":3362,"href":"https:\/\/cedhchiapas.org\/cedh\/wp-json\/wp\/v2\/pages\/3361\/revisions\/3362"}],"wp:attachment":[{"href":"https:\/\/cedhchiapas.org\/cedh\/wp-json\/wp\/v2\/media?parent=3361"}],"curies":[{"name":"wp","href":"https:\/\/api.w.org\/{rel}","templated":true}]}}