{"id":2979,"date":"2020-11-11T14:33:45","date_gmt":"2020-11-11T20:33:45","guid":{"rendered":"https:\/\/cedhchiapas.org\/cedh\/?page_id=2979"},"modified":"2021-07-21T14:23:03","modified_gmt":"2021-07-21T19:23:03","slug":"2979-2","status":"publish","type":"page","link":"https:\/\/cedhchiapas.org\/cedh\/2979-2\/","title":{"rendered":"<!--Post #2979-->"},"content":{"rendered":"\n<h2 class=\"wp-block-heading\">CUENTA P\u00daBLICA FUNCIONAL<\/h2>\n\n\n\n<div style=\"height:100px\" aria-hidden=\"true\" class=\"wp-block-spacer\"><\/div>\n\n\n\n<h3 class=\"wp-block-heading\">A\u00d1O 2021<\/h3>\n\n\n\n<h4 class=\"wp-block-heading\">SEGUNDO TRIMESTRE<\/h4>\n\n\n\n<ul><li><a href=\"https:\/\/cedhchiapas.org\/cedh\/wp-content\/uploads\/2021\/07\/Proyectos-de-inversion-2-2021.pdf\" data-type=\"URL\" data-id=\"https:\/\/cedhchiapas.org\/cedh\/wp-content\/uploads\/2021\/07\/Proyectos-de-inversion-2-2021.pdf\" target=\"_blank\" rel=\"noreferrer noopener\"><span class=\"has-inline-color has-black-color\">PROYECTOS DE INVERSI\u00d3N<\/span><\/a><\/li><li><a href=\"https:\/\/cedhchiapas.org\/cedh\/wp-content\/uploads\/2021\/07\/Cuenta-publica-funcional-2-2021.pdf\" data-type=\"URL\" data-id=\"https:\/\/cedhchiapas.org\/cedh\/wp-content\/uploads\/2021\/07\/Cuenta-publica-funcional-2-2021.pdf\" target=\"_blank\" rel=\"noreferrer noopener\"><span class=\"has-inline-color has-black-color\">CUENTA P\u00daBLICA FUNCIONAL<\/span><\/a><\/li><li><a href=\"https:\/\/cedhchiapas.org\/cedh\/wp-content\/uploads\/2021\/07\/Indicadores-de-resultados-2-2021.pdf\" data-type=\"URL\" data-id=\"https:\/\/cedhchiapas.org\/cedh\/wp-content\/uploads\/2021\/07\/Indicadores-de-resultados-2-2021.pdf\" target=\"_blank\" rel=\"noreferrer noopener\"><span class=\"has-inline-color has-black-color\">INDICADORES DE RESULTADOS<\/span><\/a><\/li><li><a href=\"https:\/\/cedhchiapas.org\/cedh\/wp-content\/uploads\/2021\/07\/Formato-montos-pagados-por-ayudas-y-subsidios-2-2021.pdf\" data-type=\"URL\" data-id=\"https:\/\/cedhchiapas.org\/cedh\/wp-content\/uploads\/2021\/07\/Formato-montos-pagados-por-ayudas-y-subsidios-2-2021.pdf\" target=\"_blank\" rel=\"noreferrer noopener\"><span class=\"has-inline-color has-black-color\">FORMATO MONTOS PAGADOS POR AYUDAS Y SUBSIDIOS<\/span><\/a><\/li><li><a href=\"https:\/\/cedhchiapas.org\/cedh\/wp-content\/uploads\/2021\/07\/Formato-ejercicio-y-destino-de-gasto-federalizado-y-reintegros-2-2021.pdf\" data-type=\"URL\" data-id=\"https:\/\/cedhchiapas.org\/cedh\/wp-content\/uploads\/2021\/07\/Formato-ejercicio-y-destino-de-gasto-federalizado-y-reintegros-2-2021.pdf\" target=\"_blank\" rel=\"noreferrer noopener\"><span class=\"has-inline-color has-black-color\">FORMATO EJERCICIO Y DESTINO DE GASTO FEDERALIZADO Y REINTEGROS<\/span><\/a><\/li><\/ul>\n\n\n\n<h4 class=\"wp-block-heading\">PRIMER TRIMESTRE<\/h4>\n\n\n\n<ul><li><a rel=\"noreferrer noopener\" href=\"https:\/\/cedhchiapas.org\/cedh\/wp-content\/uploads\/2021\/04\/Proyectos-de-inversion.pdf\" target=\"_blank\"><span class=\"has-inline-color has-black-color\">PROYECTOS DE INVERSI\u00d3N<\/span><\/a><\/li><li><a rel=\"noreferrer noopener\" href=\"https:\/\/cedhchiapas.org\/cedh\/wp-content\/uploads\/2021\/04\/Cuenta-publica-funcional.pdf\" target=\"_blank\"><span class=\"has-inline-color has-black-color\">CUENTA P\u00daBLICA FUNCIONAL<\/span><\/a><\/li><li><a rel=\"noreferrer noopener\" href=\"https:\/\/cedhchiapas.org\/cedh\/wp-content\/uploads\/2021\/04\/Indicadores-de-resultados.pdf\" target=\"_blank\"><span class=\"has-inline-color has-black-color\">INDICADORES DE RESULTADOS<\/span><\/a><\/li><li><a rel=\"noreferrer noopener\" href=\"https:\/\/cedhchiapas.org\/cedh\/wp-content\/uploads\/2021\/04\/Formato-montos-pagados-por-ayudas-y-subsidios.pdf\" target=\"_blank\"><span class=\"has-inline-color has-black-color\">FORMATO MONTOS PAGADOS POR AYUDAS Y SUBSIDIOS<\/span><\/a><\/li><li><a href=\"https:\/\/cedhchiapas.org\/cedh\/wp-content\/uploads\/2021\/04\/Formato-ejercicio-y-destino-de-gasto-federalizado-y-reintegros.pdf\" data-type=\"URL\" data-id=\"https:\/\/cedhchiapas.org\/cedh\/wp-content\/uploads\/2021\/04\/Formato-ejercicio-y-destino-de-gasto-federalizado-y-reintegros.pdf\" target=\"_blank\" rel=\"noreferrer noopener\"><span class=\"has-inline-color has-black-color\">FORMATO EJERCICIO Y DESTINO DE GASTO FEDERALIZADO Y REINTEGROS<\/span><\/a><\/li><\/ul>\n\n\n\n<div style=\"height:100px\" aria-hidden=\"true\" class=\"wp-block-spacer\"><\/div>\n\n\n\n<h3 class=\"wp-block-heading\">A\u00d1O 2020<\/h3>\n\n\n\n<ul><li><a rel=\"noreferrer noopener\" href=\"https:\/\/cedhchiapas.org\/cedh\/wp-content\/uploads\/2020\/11\/sevac2020.pdf\" target=\"_blank\"><span class=\"has-inline-color has-black-color\">PROYECTOS DE INVERSI\u00d3N<\/span><\/a><\/li><\/ul>\n\n\n\n<div class=\"wp-block-group\"><div class=\"wp-block-group__inner-container is-layout-flow wp-block-group-is-layout-flow\">\n<h4 class=\"wp-block-heading\"><\/h4>\n\n\n\n<p><\/p>\n\n\n\n<div class=\"wp-block-group\"><div class=\"wp-block-group__inner-container is-layout-flow wp-block-group-is-layout-flow\">\n<h4 class=\"wp-block-heading\">CUARTO TRIMESTRE<\/h4>\n\n\n\n<ul><li><a rel=\"noreferrer noopener\" href=\"https:\/\/cedhchiapas.org\/cedh\/wp-content\/uploads\/2021\/01\/2020_4T_CPF.pdf\" target=\"_blank\"><span class=\"has-inline-color has-black-color\">CUENTA P\u00daBLICA FUNCIONAL<\/span><\/a><\/li><li><a rel=\"noreferrer noopener\" href=\"https:\/\/cedhchiapas.org\/cedh\/wp-content\/uploads\/2021\/01\/2020_4T_IR.pdf\" target=\"_blank\"><span class=\"has-inline-color has-black-color\">INDICADORES DE RESULTADOS<\/span><\/a><\/li><li><a rel=\"noreferrer noopener\" href=\"https:\/\/cedhchiapas.org\/cedh\/wp-content\/uploads\/2021\/01\/2020_4T_FMPAS.pdf\" target=\"_blank\"><span class=\"has-inline-color has-black-color\">FORMATO MONTOS PAGADOS POR AYUDAS Y SUBSIDIOS<\/span><\/a><\/li><li><a href=\"https:\/\/cedhchiapas.org\/cedh\/wp-content\/uploads\/2021\/01\/2020_4T_FEDGFR.pdf\" target=\"_blank\" rel=\"noreferrer noopener\"><span class=\"has-inline-color has-black-color\">FORMATO EJERCICIO Y<\/span><\/a><span class=\"has-inline-color has-black-color\"><a rel=\"noreferrer noopener\" href=\"https:\/\/cedhchiapas.org\/cedh\/wp-content\/uploads\/2021\/01\/2020_4T_FEDGFR.pdf\" target=\"_blank\"> <\/a><\/span><a href=\"https:\/\/cedhchiapas.org\/cedh\/wp-content\/uploads\/2021\/01\/2020_4T_FEDGFR.pdf\" target=\"_blank\" rel=\"noreferrer noopener\"><span class=\"has-inline-color has-black-color\">DESTINO DE GASTO FEDERALIZADO Y REINTEGROS<\/span><\/a><\/li><\/ul>\n<\/div><\/div>\n\n\n\n<div class=\"wp-block-group\"><div class=\"wp-block-group__inner-container is-layout-flow wp-block-group-is-layout-flow\">\n<h4 class=\"wp-block-heading\">TERCER TRIMESTRE<\/h4>\n\n\n\n<ul><li><a rel=\"noreferrer noopener\" href=\"https:\/\/cedhchiapas.org\/cedh\/wp-content\/uploads\/2020\/11\/analisis_03.pdf\" data-type=\"URL\" data-id=\"https:\/\/cedhchiapas.org\/cedh\/wp-content\/uploads\/2020\/11\/analisis_03.pdf\" target=\"_blank\"><span class=\"has-inline-color has-black-color\">CUENTA P\u00daBLICA FUNCIONAL<\/span><\/a><\/li><li><a rel=\"noreferrer noopener\" href=\"https:\/\/cedhchiapas.org\/cedh\/wp-content\/uploads\/2020\/11\/indi3t.pdf\" data-type=\"URL\" data-id=\"https:\/\/cedhchiapas.org\/cedh\/wp-content\/uploads\/2020\/11\/indi3t.pdf\" target=\"_blank\"><span class=\"has-inline-color has-black-color\">INDICADORES DE RESULTADOS<\/span><\/a><\/li><li><a rel=\"noreferrer noopener\" href=\"https:\/\/cedhchiapas.org\/cedh\/wp-content\/uploads\/2020\/11\/montos3t.pdf\" data-type=\"URL\" data-id=\"https:\/\/cedhchiapas.org\/cedh\/wp-content\/uploads\/2020\/11\/montos3t.pdf\" target=\"_blank\"><span class=\"has-inline-color has-black-color\">FORMATO MONTOS PAGADOS POR AYUDAS Y SUBSIDIOS<\/span><\/a><\/li><li><a href=\"https:\/\/cedhchiapas.org\/cedh\/wp-content\/uploads\/2020\/12\/Formato-Ejercicio-y-Destino-de-Gasto-Federalizado-y-Reintegros-CEDH-3T-20.pdf\" target=\"_blank\" rel=\"noreferrer noopener\"><span class=\"has-inline-color has-black-color\">FORMATO EJERCICIO Y DESTINO DE GASTO FEDERALIZADO Y REINTEGROS<\/span><\/a><\/li><\/ul>\n<\/div><\/div>\n\n\n\n<p><\/p>\n<\/div><\/div>\n\n\n\n<div class=\"wp-block-group\"><div class=\"wp-block-group__inner-container is-layout-flow wp-block-group-is-layout-flow\">\n<h4 class=\"wp-block-heading\">SEGUNDO TRIMESTRE<\/h4>\n\n\n\n<ul><li><a href=\"https:\/\/cedhchiapas.org\/cedh\/wp-content\/uploads\/2020\/11\/analisis_02.pdf\" data-type=\"URL\" data-id=\"https:\/\/cedhchiapas.org\/cedh\/wp-content\/uploads\/2020\/11\/analisis_02.pdf\" target=\"_blank\" rel=\"noreferrer noopener\"><span class=\"has-inline-color has-black-color\">CUENTA P\u00daBLICA FUNCIONAL<\/span><\/a><\/li><li><a href=\"https:\/\/cedhchiapas.org\/cedh\/wp-content\/uploads\/2020\/11\/indi2t.pdf\" data-type=\"URL\" data-id=\"https:\/\/cedhchiapas.org\/cedh\/wp-content\/uploads\/2020\/11\/indi2t.pdf\" target=\"_blank\" rel=\"noreferrer noopener\"><span class=\"has-inline-color has-black-color\">INDICADORES DE RESULTADOS<\/span><\/a><\/li><li><a href=\"https:\/\/cedhchiapas.org\/cedh\/wp-content\/uploads\/2020\/11\/montos2t.pdf\" data-type=\"URL\" data-id=\"https:\/\/cedhchiapas.org\/cedh\/wp-content\/uploads\/2020\/11\/montos2t.pdf\" target=\"_blank\" rel=\"noreferrer noopener\"><span class=\"has-inline-color has-black-color\">FORMATO MONTOS PAGADOS POR AYUDAS Y SUBSIDIOS<\/span><\/a><\/li><\/ul>\n<\/div><\/div>\n\n\n\n<div class=\"wp-block-group\"><div class=\"wp-block-group__inner-container is-layout-flow wp-block-group-is-layout-flow\">\n<h4 class=\"wp-block-heading\">PRIMER TRIMESTRE<\/h4>\n\n\n\n<ul><li><a href=\"https:\/\/cedhchiapas.org\/cedh\/wp-content\/uploads\/2020\/11\/analisis_01t.pdf\" data-type=\"URL\" data-id=\"https:\/\/cedhchiapas.org\/cedh\/wp-content\/uploads\/2020\/11\/analisis_01t.pdf\" target=\"_blank\" rel=\"noreferrer noopener\"><span class=\"has-inline-color has-black-color\">CUENTA P\u00daBLICA FUNCIONAL<\/span><\/a><\/li><li><a href=\"https:\/\/cedhchiapas.org\/cedh\/wp-content\/uploads\/2020\/11\/indi1t.pdf\" data-type=\"URL\" data-id=\"https:\/\/cedhchiapas.org\/cedh\/wp-content\/uploads\/2020\/11\/indi1t.pdf\" target=\"_blank\" rel=\"noreferrer noopener\"><span class=\"has-inline-color has-black-color\">INDICADORES DE RESULTADOS<\/span><\/a><\/li><li><a href=\"https:\/\/cedhchiapas.org\/cedh\/wp-content\/uploads\/2020\/11\/montos1t.pdf\" data-type=\"URL\" data-id=\"https:\/\/cedhchiapas.org\/cedh\/wp-content\/uploads\/2020\/11\/montos1t.pdf\" target=\"_blank\" rel=\"noreferrer noopener\"><span class=\"has-inline-color has-black-color\">FORMATO MONTOS PAGADOS POR AYUDAS Y SUBSIDIOS<\/span><\/a><\/li><\/ul>\n<\/div><\/div>\n\n\n\n<div style=\"height:100px\" aria-hidden=\"true\" class=\"wp-block-spacer\"><\/div>\n\n\n\n<h3 class=\"wp-block-heading\">A\u00d1O 2019<\/h3>\n\n\n\n<div class=\"wp-block-group\"><div class=\"wp-block-group__inner-container is-layout-flow wp-block-group-is-layout-flow\">\n<h4 class=\"wp-block-heading\">CUARTO TRIMESTRE<\/h4>\n\n\n\n<ul><li><a rel=\"noreferrer noopener\" href=\"https:\/\/cedhchiapas.org\/cedh\/wp-content\/uploads\/2020\/11\/Afuncional42019.pdf\" data-type=\"URL\" data-id=\"https:\/\/cedhchiapas.org\/cedh\/wp-content\/uploads\/2020\/11\/Afuncional42019.pdf\" target=\"_blank\"><span class=\"has-inline-color has-black-color\">CUENTA P\u00daBLICA FUNCIONAL<\/span><\/a><\/li><li><a rel=\"noreferrer noopener\" href=\"https:\/\/cedhchiapas.org\/cedh\/wp-content\/uploads\/2020\/11\/Indicadores42019.pdf\" data-type=\"URL\" data-id=\"https:\/\/cedhchiapas.org\/cedh\/wp-content\/uploads\/2020\/11\/Indicadores42019.pdf\" target=\"_blank\"><span class=\"has-inline-color has-black-color\">INDICADORES DE RESULTADOS<\/span><\/a><\/li><li><a href=\"https:\/\/cedhchiapas.org\/cedh\/wp-content\/uploads\/2020\/11\/mon4.pdf\" data-type=\"URL\" data-id=\"https:\/\/cedhchiapas.org\/cedh\/wp-content\/uploads\/2020\/11\/mon4.pdf\" target=\"_blank\" rel=\"noreferrer noopener\"><span class=\"has-inline-color has-black-color\">FORMATO MONTOS PAGADOS POR AYUDAS Y SUBSIDIOS<\/span><\/a><\/li><\/ul>\n<\/div><\/div>\n\n\n\n<div class=\"wp-block-group\"><div class=\"wp-block-group__inner-container is-layout-flow wp-block-group-is-layout-flow\">\n<h4 class=\"wp-block-heading\">TERCER TRIMESTRE<\/h4>\n\n\n\n<ul><li><a href=\"https:\/\/cedhchiapas.org\/cedh\/wp-content\/uploads\/2020\/11\/AFuncional.pdf\" data-type=\"URL\" data-id=\"https:\/\/cedhchiapas.org\/cedh\/wp-content\/uploads\/2020\/11\/AFuncional.pdf\" target=\"_blank\" rel=\"noreferrer noopener\"><span class=\"has-inline-color has-black-color\">CUENTA P\u00daBLICA FUNCIONAL<\/span><\/a><\/li><li><a href=\"https:\/\/cedhchiapas.org\/cedh\/wp-content\/uploads\/2020\/11\/indicadores.pdf\" data-type=\"URL\" data-id=\"https:\/\/cedhchiapas.org\/cedh\/wp-content\/uploads\/2020\/11\/indicadores.pdf\" target=\"_blank\" rel=\"noreferrer noopener\"><span class=\"has-inline-color has-black-color\">INDICADORES DE RESULTADOS<\/span><\/a><\/li><li><a href=\"https:\/\/cedhchiapas.org\/cedh\/wp-content\/uploads\/2020\/11\/montospagados.pdf\" data-type=\"URL\" data-id=\"https:\/\/cedhchiapas.org\/cedh\/wp-content\/uploads\/2020\/11\/montospagados.pdf\" target=\"_blank\" rel=\"noreferrer noopener\"><span class=\"has-inline-color has-black-color\">FORMATO MONTOS PAGADOS POR AYUDAS Y SUBSIDIOS<\/span><\/a><\/li><\/ul>\n<\/div><\/div>\n\n\n\n<div class=\"wp-block-group\"><div class=\"wp-block-group__inner-container is-layout-flow wp-block-group-is-layout-flow\">\n<h4 class=\"wp-block-heading\">SEGUNDO TRIMESTRE<\/h4>\n\n\n\n<ul><li><a href=\"https:\/\/cedhchiapas.org\/cedh\/wp-content\/uploads\/2020\/11\/ANA2-2019.pdf\" data-type=\"URL\" data-id=\"https:\/\/cedhchiapas.org\/cedh\/wp-content\/uploads\/2020\/11\/ANA2-2019.pdf\" target=\"_blank\" rel=\"noreferrer noopener\"><span class=\"has-inline-color has-black-color\">CUENTA P\u00daBLICA FUNCIONAL<\/span><\/a><\/li><li><a href=\"https:\/\/cedhchiapas.org\/cedh\/wp-content\/uploads\/2020\/11\/IND2-2019.pdf\" data-type=\"URL\" data-id=\"https:\/\/cedhchiapas.org\/cedh\/wp-content\/uploads\/2020\/11\/IND2-2019.pdf\" target=\"_blank\" rel=\"noreferrer noopener\"><span class=\"has-inline-color has-black-color\">INDICADORES DE RESULTADOS<\/span><\/a><\/li><li><a href=\"https:\/\/cedhchiapas.org\/cedh\/wp-content\/uploads\/2020\/11\/MONTOS2-2019.pdf\" data-type=\"URL\" data-id=\"https:\/\/cedhchiapas.org\/cedh\/wp-content\/uploads\/2020\/11\/MONTOS2-2019.pdf\" target=\"_blank\" rel=\"noreferrer noopener\"><span class=\"has-inline-color has-black-color\">FORMATO MONTOS PAGADOS POR AYUDAS Y SUBSIDIOS<\/span><\/a><\/li><\/ul>\n\n\n\n<p><\/p>\n<\/div><\/div>\n\n\n\n<div class=\"wp-block-group\"><div class=\"wp-block-group__inner-container is-layout-flow wp-block-group-is-layout-flow\">\n<h4 class=\"wp-block-heading\">PRIMER TRIMESTRE<\/h4>\n\n\n\n<ul><li><a rel=\"noreferrer noopener\" href=\"https:\/\/cedhchiapas.org\/cedh\/wp-content\/uploads\/2020\/11\/analisi12019.pdf\" data-type=\"URL\" data-id=\"https:\/\/cedhchiapas.org\/cedh\/wp-content\/uploads\/2020\/11\/analisi12019.pdf\" target=\"_blank\"><span class=\"has-inline-color has-black-color\">CUENTA P\u00daBLICA FUNCIONAL<\/span><\/a><\/li><li><a rel=\"noreferrer noopener\" href=\"https:\/\/cedhchiapas.org\/cedh\/wp-content\/uploads\/2020\/11\/ind1-2019.pdf\" data-type=\"URL\" data-id=\"https:\/\/cedhchiapas.org\/cedh\/wp-content\/uploads\/2020\/11\/ind1-2019.pdf\" target=\"_blank\"><span class=\"has-inline-color has-black-color\">INDICADORES DE RESULTADOS<\/span><\/a><\/li><li><a rel=\"noreferrer noopener\" href=\"https:\/\/cedhchiapas.org\/cedh\/wp-content\/uploads\/2020\/11\/montos1-2019.pdf\" data-type=\"URL\" data-id=\"https:\/\/cedhchiapas.org\/cedh\/wp-content\/uploads\/2020\/11\/montos1-2019.pdf\" target=\"_blank\"><span class=\"has-inline-color has-black-color\">FORMATO MONTOS PAGADOS POR AYUDAS Y SUBSIDIOS<\/span><\/a><\/li><\/ul>\n<\/div><\/div>\n\n\n\n<p><\/p>\n","protected":false},"excerpt":{"rendered":"<p>CUENTA P\u00daBLICA FUNCIONAL A\u00d1O 2021 SEGUNDO TRIMESTRE PROYECTOS DE INVERSI\u00d3N CUENTA P\u00daBLICA FUNCIONAL INDICADORES DE RESULTADOS FORMATO MONTOS PAGADOS POR AYUDAS Y SUBSIDIOS FORMATO EJERCICIO Y DESTINO DE GASTO FEDERALIZADO<\/p>\n","protected":false},"author":2,"featured_media":0,"parent":0,"menu_order":0,"comment_status":"closed","ping_status":"closed","template":"","meta":{"footnotes":""},"jetpack_sharing_enabled":true,"_links":{"self":[{"href":"https:\/\/cedhchiapas.org\/cedh\/wp-json\/wp\/v2\/pages\/2979"}],"collection":[{"href":"https:\/\/cedhchiapas.org\/cedh\/wp-json\/wp\/v2\/pages"}],"about":[{"href":"https:\/\/cedhchiapas.org\/cedh\/wp-json\/wp\/v2\/types\/page"}],"author":[{"embeddable":true,"href":"https:\/\/cedhchiapas.org\/cedh\/wp-json\/wp\/v2\/users\/2"}],"replies":[{"embeddable":true,"href":"https:\/\/cedhchiapas.org\/cedh\/wp-json\/wp\/v2\/comments?post=2979"}],"version-history":[{"count":14,"href":"https:\/\/cedhchiapas.org\/cedh\/wp-json\/wp\/v2\/pages\/2979\/revisions"}],"predecessor-version":[{"id":4052,"href":"https:\/\/cedhchiapas.org\/cedh\/wp-json\/wp\/v2\/pages\/2979\/revisions\/4052"}],"wp:attachment":[{"href":"https:\/\/cedhchiapas.org\/cedh\/wp-json\/wp\/v2\/media?parent=2979"}],"curies":[{"name":"wp","href":"https:\/\/api.w.org\/{rel}","templated":true}]}}