{"id":2133,"date":"2021-01-18T08:00:00","date_gmt":"2021-01-18T14:00:00","guid":{"rendered":"https:\/\/cedh.cedhchiapas.org\/?page_id=2133"},"modified":"2024-03-15T13:18:24","modified_gmt":"2024-03-15T19:18:24","slug":"vacantes","status":"publish","type":"page","link":"https:\/\/cedhchiapas.org\/cedh\/vacantes\/","title":{"rendered":"Vacantes"},"content":{"rendered":"<section  class=\" auto\" style=\" \">\n\t\t\t\t<div class=\"container\">\n\t\t\n<div class=\"row\">\n\t\n<div class=\"col-md-12 col-sm-12 card sh-2fad4d739bf0f8a98331bd8ab48b2da2\">\n\t<div class=\"fly-col-inner none\" >\n\t\t<!-- Widget Accordion -->\n<div class=\"fly-accordion widget-accordion  sh-0cf0400d509544404cb838a9e1712188\">\n\t\t\t<h2 class=\"widget-title\">CONVOCATORIA 04\/2024<\/h2>\n\t\n\t<div class=\"panel-group\" id=\"accordion0cf0400d509544404cb838a9e1712188\">\n\t\t\t\t\t<div class=\"panel\">\n\t\t\t\t<div class=\"panel-heading\">\n\t\t\t\t\t<h3 class=\"panel-title\">\n\t\t\t\t\t\t<a class=\"panel-toggle \" data-toggle=\"collapse\"\n\t\t\t\t\t\t   data-parent=\"#accordion0cf0400d509544404cb838a9e1712188\"\n\t\t\t\t\t\t   href=\"#accordion1\">\n\t\t\t\t\t\t\tRESULTADOS\t\t\t\t\t\t<\/a>\n\t\t\t\t\t<\/h3>\n\t\t\t\t<\/div>\n\t\t\t\t<div id=\"accordion1\"\n\t\t\t\t     class=\"panel-collapse collapse in\">\n\t\t\t\t\t<div class=\"panel-body\">\n\t\t\t\t\t\t<p style=\"text-align: center;\"><strong>CONVOCATORIA ABIERTA 04\/2024 DE INGRESO PARA OCUPAR PLAZA DE<\/strong><br \/><strong>VISITADOR ADJUNTO \"A\"<\/strong><\/p><p style=\"text-align: right;\">Fecha de Publicaci\u00f3n: 15 de marzo del 2024<\/p><p style=\"text-align: justify;\">Con fundamento en lo establecido en las Bases de la Convocatoria Abierta 04\/2024 del concurso abierto para el ingreso a la Comisi\u00f3n Estatal de los Derechos Humanos del Estado de Chiapas se dan a conocer los resultados del proceso de selecci\u00f3n de la Convocatoria 04\/2023.<br \/>Al respecto, se informa que la calificaci\u00f3n final de las personas aspirantes fue ponderada de acuerdo a lo siguiente:<\/p><table style=\"border: 1px solid black; width: 100%;\"><thead style=\"background-color: #c00000; color: white;\"><tr><th>Etapa<\/th><th>Ponderaci\u00f3n<\/th><\/tr><\/thead><tbody style=\"text-align: center;\"><tr><td>Valoraci\u00f3n curricular<\/td><td>50<\/td><\/tr><tr><td>Examen de conocimientos<\/td><td>100<\/td><\/tr><tr><td>Examen Psicom\u00e9trico<\/td><td>100<\/td><\/tr><tr><td>Entrevista<\/td><td>70<\/td><\/tr><tr style=\"background-color: #c00000; color: white;\"><td>Total<\/td><td>320<\/td><\/tr><\/tbody><\/table><p style=\"text-align: center;\"><strong>RESULTADOS<\/strong><\/p><table style=\"border: 1px solid black; width: 534px; height: 166px;\"><thead><tr style=\"background-color: #c00000; color: white;\"><th>Folio<\/th><th>Total<\/th><\/tr><\/thead><tbody style=\"text-align: center;\"><tr><td>1121<\/td><td>287.75<\/td><\/tr><tr><td>1123<\/td><td>265.87<\/td><\/tr><tr><td>1132<\/td><td>246.75<\/td><\/tr><tr><td>1091<\/td><td>240.75<\/td><\/tr><tr><td><\/td><td><\/td><\/tr><\/tbody><\/table><p style=\"text-align: center;\"><strong>El Folio seleccionado para ingresar en la categor\u00eda de Visitador Adjunto \u201cA\u201d es 1121.<\/strong><\/p>\t\t\t\t\t<\/div>\n\t\t\t\t<\/div>\n\t\t\t<\/div>\n\t\t\t\t\t<div class=\"panel\">\n\t\t\t\t<div class=\"panel-heading\">\n\t\t\t\t\t<h3 class=\"panel-title\">\n\t\t\t\t\t\t<a class=\"panel-toggle collapsed\" data-toggle=\"collapse\"\n\t\t\t\t\t\t   data-parent=\"#accordion0cf0400d509544404cb838a9e1712188\"\n\t\t\t\t\t\t   href=\"#accordion2\">\n\t\t\t\t\t\t\tRESULTADOS DEL EXAMEN DE CONOCIMIENTOS\t\t\t\t\t\t<\/a>\n\t\t\t\t\t<\/h3>\n\t\t\t\t<\/div>\n\t\t\t\t<div id=\"accordion2\"\n\t\t\t\t     class=\"panel-collapse collapse \">\n\t\t\t\t\t<div class=\"panel-body\">\n\t\t\t\t\t\t<p style=\"text-align: center;\"><strong>CONVOCATORIA ABIERTA 04\/2024 DE INGRESO PARA OCUPAR PLAZA DE VISITADOR (A) ADJUNTO (A)<\/strong><\/p><p style=\"text-align: right;\">Fecha de Publicaci\u00f3n: 11 de marzo del 2024<\/p><p style=\"text-align: justify;\">Con fundamento en lo establecido en las Bases de la Convocatoria Abierta 04\/2024 del concurso abierto para el ingreso a la Comisi\u00f3n Estatal de los Derechos Humanos del Estado de Chiapas se dan a conocer las calificaciones de la aplicaci\u00f3n de examen de conocimientos. Asimismo se incluyen folios de aquellos aspirantes que no se presentaron al examen de conocimientos en el d\u00eda y horario programado.<br \/>Es importante informar que se considera como resultado Aprobado cuando la calificaci\u00f3n obtenida en el examen de conocimientos es igual o mayor a 80.<\/p><p style=\"text-align: center;\"><strong>RESULTADOS DEL EXAMEN DE CONOCIMIENTOS<\/strong><\/p><table style=\"border: 1px solid black; width: 100%;\"><thead style=\"background-color: #c00000; color: white;\"><tr><th>N\u00fam.<\/th><th>Folio<\/th><th>Resultado<\/th><\/tr><\/thead><tbody style=\"text-align: center;\"><tr><td>1.<\/td><td>1091<\/td><td>Aprobado<\/td><\/tr><tr><td>2.<\/td><td>1121<\/td><td>Aprobado<\/td><\/tr><tr><td>3.<\/td><td>1123<\/td><td>Aprobado<\/td><\/tr><tr><td>4.<\/td><td>1132<\/td><td>Aprobado<\/td><\/tr><tr><td>5.<\/td><td>1092<\/td><td>No aprobado<\/td><\/tr><tr><td>6.<\/td><td>1093<\/td><td>No aprobado<\/td><\/tr><tr><td>7.<\/td><td>1094<\/td><td>No aprobado<\/td><\/tr><tr><td>8.<\/td><td>1096<\/td><td>No aprobado<\/td><\/tr><tr><td>9.<\/td><td>1097<\/td><td>No aprobado<\/td><\/tr><tr><td>10.<\/td><td>1099<\/td><td>No aprobado<\/td><\/tr><tr><td>11.<\/td><td>1101<\/td><td>No aprobado<\/td><\/tr><tr><td>12.<\/td><td>1102<\/td><td>No aprobado<\/td><\/tr><tr><td>13.<\/td><td>1104<\/td><td>No aprobado<\/td><\/tr><tr><td>14.<\/td><td>1105<\/td><td>No aprobado<\/td><\/tr><tr><td>15.<\/td><td>1106<\/td><td>No aprobado<\/td><\/tr><tr><td>16.<\/td><td>1107<\/td><td>No aprobado<\/td><\/tr><tr><td>17.<\/td><td>1109<\/td><td>No aprobado<\/td><\/tr><tr><td>18.<\/td><td>1110<\/td><td>No aprobado<\/td><\/tr><tr><td>19.<\/td><td>1111<\/td><td>No aprobado<\/td><\/tr><tr><td>20.<\/td><td>1112<\/td><td>No aprobado<\/td><\/tr><tr><td>21.<\/td><td>1113<\/td><td>No aprobado<\/td><\/tr><tr><td>22.<\/td><td>1114<\/td><td>No aprobado<\/td><\/tr><tr><td>23.<\/td><td>1115<\/td><td>No aprobado<\/td><\/tr><tr><td>24.<\/td><td>1116<\/td><td>No aprobado<\/td><\/tr><tr><td>25.<\/td><td>1117<\/td><td>No aprobado<\/td><\/tr><tr><td>26.<\/td><td>1118<\/td><td>No aprobado<\/td><\/tr><tr><td>27.<\/td><td>1119<\/td><td>No aprobado<\/td><\/tr><tr><td>28.<\/td><td>1124<\/td><td>No aprobado<\/td><\/tr><tr><td>29.<\/td><td>1125<\/td><td>No aprobado<\/td><\/tr><tr><td>30.<\/td><td>1128<\/td><td>No aprobado<\/td><\/tr><tr><td>31.<\/td><td>1129<\/td><td>No aprobado<\/td><\/tr><tr><td>32.<\/td><td>1134<\/td><td>No aprobado<\/td><\/tr><tr><td>33.<\/td><td>1090<\/td><td>No se present\u00f3<\/td><\/tr><tr><td>34.<\/td><td>1095<\/td><td>No se present\u00f3<\/td><\/tr><tr><td>35.<\/td><td>1098<\/td><td>No se present\u00f3<\/td><\/tr><tr><td>36.<\/td><td>1100<\/td><td>No se present\u00f3<\/td><\/tr><tr><td>37.<\/td><td>1103<\/td><td>No se present\u00f3<\/td><\/tr><tr><td>38.<\/td><td>1108<\/td><td>No se present\u00f3<\/td><\/tr><tr><td>39.<\/td><td>1120<\/td><td>No se present\u00f3<\/td><\/tr><tr><td>40.<\/td><td>1126<\/td><td>No se present\u00f3<\/td><\/tr><tr><td>41.<\/td><td>1130<\/td><td>No se present\u00f3<\/td><\/tr><tr><td>42.<\/td><td>1131<\/td><td>No se present\u00f3<\/td><\/tr><tr><td>43.<\/td><td>1133<\/td><td>No se present\u00f3<\/td><\/tr><tr><td>44.<\/td><td>1135<\/td><td>No se present\u00f3<\/td><\/tr><\/tbody><\/table><p><strong>NOTA:<\/strong> A los folios aprobados se les enviar\u00e1 por medio del correo electr\u00f3nico su continuidad en la siguiente etapa informando de fecha, lugar y horario de entrevista.<\/p>\t\t\t\t\t<\/div>\n\t\t\t\t<\/div>\n\t\t\t<\/div>\n\t\t\t\t\t<div class=\"panel\">\n\t\t\t\t<div class=\"panel-heading\">\n\t\t\t\t\t<h3 class=\"panel-title\">\n\t\t\t\t\t\t<a class=\"panel-toggle collapsed\" data-toggle=\"collapse\"\n\t\t\t\t\t\t   data-parent=\"#accordion0cf0400d509544404cb838a9e1712188\"\n\t\t\t\t\t\t   href=\"#accordion3\">\n\t\t\t\t\t\t\tRESULTADOS DE LA VALORACI\u00d3N CURRICULAR\t\t\t\t\t\t<\/a>\n\t\t\t\t\t<\/h3>\n\t\t\t\t<\/div>\n\t\t\t\t<div id=\"accordion3\"\n\t\t\t\t     class=\"panel-collapse collapse \">\n\t\t\t\t\t<div class=\"panel-body\">\n\t\t\t\t\t\t<p style=\"text-align: center;\"><strong>CONVOCATORIA ABIERTA 04\/2024 DE INGRESO PARA OCUPAR PLAZA DE VISITADOR (A) ADJUNTO (A)<\/strong><\/p><p style=\"text-align: right;\">Fecha de Publicaci\u00f3n: 4 de marzo del 2024<\/p><p style=\"text-align: justify;\">Con fundamento en lo establecido en las Bases de la Convocatoria Abierta 04\/2024 del concurso abierto para el ingreso a la Comisi\u00f3n Estatal de los Derechos Humanos del Estado de Chiapas se dan a conocer los:<\/p><p style=\"text-align: center;\"><strong>RESULTADOS DE LA VALORACI\u00d3N CURRICULAR<\/strong><\/p><p>&nbsp;<\/p><table style=\"border: 1px solid black; width: 100%;\"><thead style=\"background-color: #c00000; color: white;\"><tr><th>N\u00fam.<\/th><th>Folio<\/th><th>Resultado<\/th><\/tr><\/thead><tbody style=\"text-align: center;\"><tr><td>1.<\/td><td>1090<\/td><td>Aprobado<\/td><\/tr><tr><td>2.<\/td><td>1091<\/td><td>Aprobado<\/td><\/tr><tr><td>3.<\/td><td>1092<\/td><td>Aprobado<\/td><\/tr><tr><td>4.<\/td><td>1093<\/td><td>Aprobado<\/td><\/tr><tr><td>5.<\/td><td>1094<\/td><td>Aprobado<\/td><\/tr><tr><td>6.<\/td><td>1095<\/td><td>Aprobado<\/td><\/tr><tr><td>7.<\/td><td>1096<\/td><td>Aprobado<\/td><\/tr><tr><td>8.<\/td><td>1097<\/td><td>Aprobado<\/td><\/tr><tr><td>9.<\/td><td>1098<\/td><td>Aprobado<\/td><\/tr><tr><td>10.<\/td><td>1099<\/td><td>Aprobado<\/td><\/tr><tr><td>11.<\/td><td>1100<\/td><td>Aprobado<\/td><\/tr><tr><td>12.<\/td><td>1101<\/td><td>Aprobado<\/td><\/tr><tr><td>13.<\/td><td>1102<\/td><td>Aprobado<\/td><\/tr><tr><td>14.<\/td><td>1103<\/td><td>Aprobado<\/td><\/tr><tr><td>15.<\/td><td>1104<\/td><td>Aprobado<\/td><\/tr><tr><td>16.<\/td><td>1105<\/td><td>Aprobado<\/td><\/tr><tr><td>17.<\/td><td>1106<\/td><td>Aprobado<\/td><\/tr><tr><td>18.<\/td><td>1107<\/td><td>Aprobado<\/td><\/tr><tr><td>19.<\/td><td>1108<\/td><td>Aprobado<\/td><\/tr><tr><td>20.<\/td><td>1109<\/td><td>Aprobado<\/td><\/tr><tr><td>21.<\/td><td>1110<\/td><td>Aprobado<\/td><\/tr><tr><td>22.<\/td><td>1111<\/td><td>Aprobado<\/td><\/tr><tr><td>23.<\/td><td>1112<\/td><td>Aprobado<\/td><\/tr><tr><td>24.<\/td><td>1113<\/td><td>Aprobado<\/td><\/tr><tr><td>25.<\/td><td>1114<\/td><td>Aprobado<\/td><\/tr><tr><td>26.<\/td><td>1115<\/td><td>Aprobado<\/td><\/tr><tr><td>27.<\/td><td>1116<\/td><td>Aprobado<\/td><\/tr><tr><td>28.<\/td><td>1117<\/td><td>Aprobado<\/td><\/tr><tr><td>29.<\/td><td>1118<\/td><td>Aprobado<\/td><\/tr><tr><td>30.<\/td><td>1119<\/td><td>Aprobado<\/td><\/tr><tr><td>31.<\/td><td>1120<\/td><td>Aprobado<\/td><\/tr><tr><td>32.<\/td><td>1121<\/td><td>Aprobado<\/td><\/tr><tr><td>33.<\/td><td>1123<\/td><td>Aprobado<\/td><\/tr><tr><td>34.<\/td><td>1124<\/td><td>Aprobado<\/td><\/tr><tr><td>35.<\/td><td>1125<\/td><td>Aprobado<\/td><\/tr><tr><td>36.<\/td><td>1126<\/td><td>Aprobado<\/td><\/tr><tr><td>37.<\/td><td>1128<\/td><td>Aprobado<\/td><\/tr><tr><td>38.<\/td><td>1129<\/td><td>Aprobado<\/td><\/tr><tr><td>39.<\/td><td>1130<\/td><td>Aprobado<\/td><\/tr><tr><td>40.<\/td><td>1132<\/td><td>Aprobado<\/td><\/tr><tr><td>41.<\/td><td>1133<\/td><td>Aprobado<\/td><\/tr><tr><td>42.<\/td><td>1134<\/td><td>Aprobado<\/td><\/tr><tr><td>43.<\/td><td>1135<\/td><td>Aprobado<\/td><\/tr><tr><td><\/td><td><\/td><td><\/td><\/tr><\/tbody><\/table><p>&nbsp;<\/p><table style=\"border: 1px solid black; width: 100%;\"><thead style=\"background-color: #c00000; color: white;\"><tr><th>N\u00fam.<\/th><th>Folio<\/th><th>Resultado<\/th><\/tr><\/thead><tbody style=\"text-align: center;\"><tr><td>1.<\/td><td>1022<\/td><td>No Aprobado<\/td><\/tr><tr><td>2.<\/td><td>1027<\/td><td>No Aprobado<\/td><\/tr><\/tbody><\/table><p>&nbsp;<\/p><p style=\"text-align: justify;\"><strong>NOTA:<\/strong> A los folios aprobados se les enviar\u00e1 por medio del correo electr\u00f3nico su continuidad en la siguiente etapa informando de fecha, lugar y horario de aplicaci\u00f3n de examen de conocimientos.<\/p>\t\t\t\t\t<\/div>\n\t\t\t\t<\/div>\n\t\t\t<\/div>\n\t\t\t\t\t<div class=\"panel\">\n\t\t\t\t<div class=\"panel-heading\">\n\t\t\t\t\t<h3 class=\"panel-title\">\n\t\t\t\t\t\t<a class=\"panel-toggle collapsed\" data-toggle=\"collapse\"\n\t\t\t\t\t\t   data-parent=\"#accordion0cf0400d509544404cb838a9e1712188\"\n\t\t\t\t\t\t   href=\"#accordion4\">\n\t\t\t\t\t\t\tCONVOCATORIA\t\t\t\t\t\t<\/a>\n\t\t\t\t\t<\/h3>\n\t\t\t\t<\/div>\n\t\t\t\t<div id=\"accordion4\"\n\t\t\t\t     class=\"panel-collapse collapse \">\n\t\t\t\t\t<div class=\"panel-body\">\n\t\t\t\t\t\t<h4>La Comisi\u00f3n Estatal de los Derechos Humanos (CEDH), a trav\u00e9s de la Oficial\u00eda Mayor, emite la siguiente:<\/h4><h2 style=\"text-align: center;\">CONVOCATORIA ABIERTA&nbsp; No. 04\/2024<\/h2><p>&nbsp;<\/p><p>Dirigida a todas las personas que cumplan con los requisitos del puesto y deseen participar en el concurso de oposici\u00f3n para ocupar una plaza vacante de:<\/p><h3 style=\"text-align: center;\">Visitador (a) Adjunto (a)<\/h3><p>&nbsp;<\/p><h5>Nombre del puesto: Visitador (a) Adjunto (a)<\/h5><h5>Escolaridad: Licenciatura en Derecho<\/h5><h5>Experiencia: 3 a\u00f1os de experiencia<\/h5><h5>Sede: Tuxtla Guti\u00e9rrez, Chiapas<\/h5><h5>Condiciones de trabajo: Disponibilidad de horario y para viajar.<\/h5><h4>El registro se realizar\u00e1 a trav\u00e9s del siguiente sitio: <span style=\"color: #0000ff;\"><a style=\"color: #0000ff;\" href=\"http:\/\/bit.ly\/AspirantesCEDH\" target=\"_blank\" rel=\"noopener\">http:\/\/bit.ly\/AspirantesCEDH<\/a><\/span><\/h4><h4>Ver convocatoria <a href=\"https:\/\/cedhchiapas.org\/cedh\/wp-content\/uploads\/2024\/02\/CONVOCATORIA-04_2024_PUBLICAR.pdf\"><span style=\"color: #0000ff;\">aqu\u00ed<\/span><\/a><\/h4><h4>Datos adicionales <a href=\"https:\/\/cedhchiapas.org\/cedh\/wp-content\/uploads\/2024\/02\/DATOS-ADICIONALES_CONVOCATORIA-04_2024.pdf\"><span style=\"color: #0000ff;\">aqu\u00ed<\/span><\/a><\/h4>\t\t\t\t\t<\/div>\n\t\t\t\t<\/div>\n\t\t\t<\/div>\n\t\t\t<\/div>\n<\/div>\n<!--\/ Widget Accordion -->\n\t<\/div>\n<\/div>\n\n<\/div>\n\n\n<div class=\"row\">\n\t\n<div class=\"col-md-12   sh-8c5bd9ac103cd4ba3da433d88c81bb92\">\n\t<div class=\"fly-col-inner none\" >\n\t\t<div class=\"space-lg \" ><\/div>\t<\/div>\n<\/div>\n\n<\/div>\n\n\t<\/div>\n<\/section>\n\n","protected":false},"excerpt":{"rendered":"<p>CONVOCATORIA 04\/2024 RESULTADOS CONVOCATORIA ABIERTA 04\/2024 DE INGRESO PARA OCUPAR PLAZA DEVISITADOR ADJUNTO \u00abA\u00bbFecha de Publicaci\u00f3n: 15 de marzo del 2024Con fundamento en lo establecido en las Bases de la<\/p>\n","protected":false},"author":2,"featured_media":0,"parent":0,"menu_order":0,"comment_status":"closed","ping_status":"closed","template":"","meta":{"footnotes":""},"jetpack_sharing_enabled":true,"_links":{"self":[{"href":"https:\/\/cedhchiapas.org\/cedh\/wp-json\/wp\/v2\/pages\/2133"}],"collection":[{"href":"https:\/\/cedhchiapas.org\/cedh\/wp-json\/wp\/v2\/pages"}],"about":[{"href":"https:\/\/cedhchiapas.org\/cedh\/wp-json\/wp\/v2\/types\/page"}],"author":[{"embeddable":true,"href":"https:\/\/cedhchiapas.org\/cedh\/wp-json\/wp\/v2\/users\/2"}],"replies":[{"embeddable":true,"href":"https:\/\/cedhchiapas.org\/cedh\/wp-json\/wp\/v2\/comments?post=2133"}],"version-history":[{"count":101,"href":"https:\/\/cedhchiapas.org\/cedh\/wp-json\/wp\/v2\/pages\/2133\/revisions"}],"predecessor-version":[{"id":7606,"href":"https:\/\/cedhchiapas.org\/cedh\/wp-json\/wp\/v2\/pages\/2133\/revisions\/7606"}],"wp:attachment":[{"href":"https:\/\/cedhchiapas.org\/cedh\/wp-json\/wp\/v2\/media?parent=2133"}],"curies":[{"name":"wp","href":"https:\/\/api.w.org\/{rel}","templated":true}]}}