{"id":2122,"date":"2020-08-05T19:47:49","date_gmt":"2020-08-05T19:47:49","guid":{"rendered":"https:\/\/cedh.cedhchiapas.org\/?page_id=2122"},"modified":"2020-08-07T01:44:57","modified_gmt":"2020-08-07T01:44:57","slug":"programas-de-atencion","status":"publish","type":"page","link":"https:\/\/cedhchiapas.org\/cedh\/programas-de-atencion\/","title":{"rendered":"Programas de atenci\u00f3n"},"content":{"rendered":"<p><section  class=\" section-header-styled auto\" style=\" \">\n\t\t\t\t<div class=\"container\">\n\t\t\n<div class=\"row\">\n\t\n<div class=\"col-md-12   sh-ad9d31c0e6387b68ece7b127bce604a2\">\n\t<div class=\"fly-col-inner none\" >\n\t\t<div class=\"fw-heading  sh-b95e491dd31eefaa7f33e0f8f819766b fw-heading-h2 fw-heading-center\">\n\t\t<h2 class='fw-special-title'>PROGRAMAS DE ATENCI\u00d3N<\/h2>\t\t\t\t<div class=\"description\">Descripci\u00f3n de los programas de atenci\u00f3n<\/div>\n\t<\/div>\t<\/div>\n<\/div>\n\n<\/div>\n\n\n<div class=\"row\">\n\t\n<div class=\"col-md-12   sh-ad9d31c0e6387b68ece7b127bce604a2\">\n\t<div class=\"fly-col-inner none\" >\n\t\t<div class=\"space-md \" ><\/div>\t<\/div>\n<\/div>\n\n<\/div>\n\n\t<\/div>\n<\/section>\n<section  class=\" auto\" style=\" \">\n\t\t\t\t<div class=\"container\">\n\t\t\n<div class=\"row\">\n\t\n<div class=\"col-md-12   sh-ad9d31c0e6387b68ece7b127bce604a2\">\n\t<div class=\"fly-col-inner none\" >\n\t\t<div class=\"fw-heading  sh-d727c051f0ea7cb73d86e8ff9a2343b3 fw-heading-h2 fw-heading-center\">\n\t\t<h2 class='fw-special-title'>Mujeres<\/h2>\t\t\t<div class=\"separator separator-danger\">\u220e<\/div>\n\t\t\t\t<div class=\"description\">Descripci\u00f3n del programa<\/div>\n\t<\/div>\t<\/div>\n<\/div>\n\n<\/div>\n\n\n<div class=\"row\">\n\t\n<div class=\"col-md-12   sh-ad9d31c0e6387b68ece7b127bce604a2\">\n\t<div class=\"fly-col-inner none\" >\n\t\t\n<div class=\"text-center\"><a href=\"#\" target=\"_self\"   class=\"btn sh-ab4b94404c61173fa047768d0e895eb9 btn-md btn-no-round btn-fill \">\n\tIngresar<\/a>\n<\/div>\t<\/div>\n<\/div>\n\n<\/div>\n\n\n<div class=\"row\">\n\t\n<div class=\"col-md-12   sh-ad9d31c0e6387b68ece7b127bce604a2\">\n\t<div class=\"fly-col-inner none\" >\n\t\t<div class=\"space-md \" ><\/div>\t<\/div>\n<\/div>\n\n<\/div>\n\n\t<\/div>\n<\/section>\n<section  class=\" auto\" style=\" \">\n\t\t\t\t<div class=\"container\">\n\t\t\n<div class=\"row\">\n\t\n<div class=\"col-md-12   sh-ad9d31c0e6387b68ece7b127bce604a2\">\n\t<div class=\"fly-col-inner none\" >\n\t\t<div class=\"fw-heading  sh-fef4f8a2e76754fceb1da304dc7ef1c2 fw-heading-h2 fw-heading-center\">\n\t\t<h2 class='fw-special-title'>Ni\u00f1as, ni\u00f1os y adolescentes<\/h2>\t\t\t<div class=\"separator separator-danger\">\u220e<\/div>\n\t\t\t\t<div class=\"description\">Descripci\u00f3n del programa<\/div>\n\t<\/div>\t<\/div>\n<\/div>\n\n<\/div>\n\n\n<div class=\"row\">\n\t\n<div class=\"col-md-12   sh-ad9d31c0e6387b68ece7b127bce604a2\">\n\t<div class=\"fly-col-inner none\" >\n\t\t\n<div class=\"text-center\"><a href=\"https:\/\/cedh.cedhchiapas.org\/?page_id=1513\" target=\"_self\"   class=\"btn sh-21054663a6b9a8e059e3a5f1c8892992 btn-md btn-no-round btn-fill \">\n\tIngresar<\/a>\n<\/div>\t<\/div>\n<\/div>\n\n<\/div>\n\n\n<div class=\"row\">\n\t\n<div class=\"col-md-12   sh-ad9d31c0e6387b68ece7b127bce604a2\">\n\t<div class=\"fly-col-inner none\" >\n\t\t<div class=\"space-md \" ><\/div>\t<\/div>\n<\/div>\n\n<\/div>\n\n\t<\/div>\n<\/section>\n<section  class=\" auto\" style=\" \">\n\t\t\t\t<div class=\"container\">\n\t\t\n<div class=\"row\">\n\t\n<div class=\"col-md-12   sh-ad9d31c0e6387b68ece7b127bce604a2\">\n\t<div class=\"fly-col-inner none\" >\n\t\t<div class=\"fw-heading  sh-376581b48fedefff667d00dadde4f067 fw-heading-h2 fw-heading-center\">\n\t\t<h2 class='fw-special-title'>Ind\u00edgenas<\/h2>\t\t\t<div class=\"separator separator-danger\">\u220e<\/div>\n\t\t\t\t<div class=\"description\">Descripci\u00f3n del programa<\/div>\n\t<\/div>\t<\/div>\n<\/div>\n\n<\/div>\n\n\n<div class=\"row\">\n\t\n<div class=\"col-md-12   sh-ad9d31c0e6387b68ece7b127bce604a2\">\n\t<div class=\"fly-col-inner none\" >\n\t\t\n<div class=\"text-center\"><a href=\"#\" target=\"_self\"   class=\"btn sh-9bd9947de38e1fcc4490ead91cd21be1 btn-md btn-no-round btn-fill \">\n\tIngresar<\/a>\n<\/div>\t<\/div>\n<\/div>\n\n<\/div>\n\n\n<div class=\"row\">\n\t\n<div class=\"col-md-12   sh-ad9d31c0e6387b68ece7b127bce604a2\">\n\t<div class=\"fly-col-inner none\" >\n\t\t<div class=\"space-md \" ><\/div>\t<\/div>\n<\/div>\n\n<\/div>\n\n\t<\/div>\n<\/section>\n<section  class=\" auto\" style=\" \">\n\t\t\t\t<div class=\"container\">\n\t\t\n<div class=\"row\">\n\t\n<div class=\"col-md-12   sh-ad9d31c0e6387b68ece7b127bce604a2\">\n\t<div class=\"fly-col-inner none\" >\n\t\t<div class=\"fw-heading  sh-96f90c10d20425d81baf34a5a0f388ae fw-heading-h2 fw-heading-center\">\n\t\t<h2 class='fw-special-title'>Migrantes<\/h2>\t\t\t<div class=\"separator separator-danger\">\u220e<\/div>\n\t\t\t\t<div class=\"description\">Descripci\u00f3n del programa<\/div>\n\t<\/div>\t<\/div>\n<\/div>\n\n<\/div>\n\n\n<div class=\"row\">\n\t\n<div class=\"col-md-12   sh-ad9d31c0e6387b68ece7b127bce604a2\">\n\t<div class=\"fly-col-inner none\" >\n\t\t\n<div class=\"text-center\"><a href=\"#\" target=\"_self\"   class=\"btn sh-abdf164b21c0e6ea6f42c5877f72acd8 btn-md btn-no-round btn-fill \">\n\tIngresar<\/a>\n<\/div>\t<\/div>\n<\/div>\n\n<\/div>\n\n\n<div class=\"row\">\n\t\n<div class=\"col-md-12   sh-ad9d31c0e6387b68ece7b127bce604a2\">\n\t<div class=\"fly-col-inner none\" >\n\t\t<div class=\"space-md \" ><\/div>\t<\/div>\n<\/div>\n\n<\/div>\n\n\t<\/div>\n<\/section>\n<\/p>\n","protected":false},"excerpt":{"rendered":"<p>PROGRAMAS DE ATENCI\u00d3N Descripci\u00f3n de los programas de atenci\u00f3n Mujeres \u220e Descripci\u00f3n del programa Ingresar Ni\u00f1as, ni\u00f1os y adolescentes \u220e Descripci\u00f3n del programa Ingresar Ind\u00edgenas \u220e Descripci\u00f3n del programa Ingresar<\/p>\n","protected":false},"author":2,"featured_media":0,"parent":0,"menu_order":0,"comment_status":"closed","ping_status":"closed","template":"","meta":{"footnotes":""},"jetpack_sharing_enabled":true,"_links":{"self":[{"href":"https:\/\/cedhchiapas.org\/cedh\/wp-json\/wp\/v2\/pages\/2122"}],"collection":[{"href":"https:\/\/cedhchiapas.org\/cedh\/wp-json\/wp\/v2\/pages"}],"about":[{"href":"https:\/\/cedhchiapas.org\/cedh\/wp-json\/wp\/v2\/types\/page"}],"author":[{"embeddable":true,"href":"https:\/\/cedhchiapas.org\/cedh\/wp-json\/wp\/v2\/users\/2"}],"replies":[{"embeddable":true,"href":"https:\/\/cedhchiapas.org\/cedh\/wp-json\/wp\/v2\/comments?post=2122"}],"version-history":[{"count":7,"href":"https:\/\/cedhchiapas.org\/cedh\/wp-json\/wp\/v2\/pages\/2122\/revisions"}],"predecessor-version":[{"id":2254,"href":"https:\/\/cedhchiapas.org\/cedh\/wp-json\/wp\/v2\/pages\/2122\/revisions\/2254"}],"wp:attachment":[{"href":"https:\/\/cedhchiapas.org\/cedh\/wp-json\/wp\/v2\/media?parent=2122"}],"curies":[{"name":"wp","href":"https:\/\/api.w.org\/{rel}","templated":true}]}}