{"id":1334,"date":"2020-07-14T20:55:39","date_gmt":"2020-07-14T20:55:39","guid":{"rendered":"https:\/\/cedh.cedhchiapas.org\/?page_id=1334"},"modified":"2021-01-28T12:00:16","modified_gmt":"2021-01-28T18:00:16","slug":"aviso-de-privacidad","status":"publish","type":"page","link":"https:\/\/cedhchiapas.org\/cedh\/aviso-de-privacidad\/","title":{"rendered":"Aviso de privacidad"},"content":{"rendered":"<section  class=\" section-header-styled auto\" style=\" \">\n\t\t\t\t<div class=\"container\">\n\t\t\n<div class=\"row\">\n\t\n<div class=\"col-md-12   sh-f9585d25e0e0c2c33c0d43ecedd5018e\">\n\t<div class=\"fly-col-inner none\" >\n\t\t<div class=\"text-block shortcode-container  sh-790926fd6fd05da2ee74d6c222349de8\">\n\t<p style=\"text-align: left;\"><strong>AVISO DE PRIVACIDAD INTEGRAL<\/strong><br \/><strong>PARA LA ATENCI\u00d3N DE SOLICITUDES DE INFORMACI\u00d3N P\u00daBLICA REALIZADAS POR MEDIO DE CORREO ELECTR\u00d3NICO, ESCRITO, PRESENCIAL, O TEL\u00c9FONO<\/strong><br \/>La Comisi\u00f3n Estatal de los Derechos Humanos, CEDH Chiapas, sito en Avenida 1 Sur Oriente S\/N Barrio San Roque, C.P. 29000 Tuxtla Guti\u00e9rrez, Chiapas; Edificio Plaza, 3er y 4to piso, es la responsable del tratamiento de los datos personales que nos proporcione, los cuales ser\u00e1n protegidos conforme a lo dispuesto por la Ley General de Protecci\u00f3n de Datos Personales en Posesi\u00f3n de Sujetos Obligados y la Ley de Protecci\u00f3n de Datos Personales en Posesi\u00f3n de Sujetos Obligados del Estado de Chiapas, as\u00ed como dem\u00e1s normatividad que resulte aplicable.<\/p><p style=\"text-align: left;\"><strong>\u00bfQu\u00e9 datos personales solicitamos y para qu\u00e9 fines?<\/strong><br \/>Los datos personales que solicitamos los utilizaremos para las siguientes finalidades:<br \/>Finalidad<br \/>SI? NO?<br \/>\u00bfRequieren consentimiento del titular?<\/p><ul><li>Elaborar estad\u00edsticas cualitativas y cuantitativas de las solicitudes de informaci\u00f3n realizadas a esta Comisi\u00f3n.<br \/>El domicilio, correo electr\u00f3nico o n\u00famero telef\u00f3nico, servir\u00e1 para comunicar la forma de respuesta o env\u00edo de la informaci\u00f3n solicitada<p>Para llevar a cabo las finalidades descritas en el presente aviso de privacidad, se solicitar\u00e1n los siguientes datos personales:<\/p><\/li><li>Nombre<\/li><li>Domicilio<\/li><li>Tel\u00e9fono particular<\/li><li>Correo electr\u00f3nico<\/li><\/ul><p>Se informa que no se solicitar\u00e1n datos personales sensibles.<\/p><p><strong>\u00bfCon qui\u00e9n compartimos su informaci\u00f3n personal y para qu\u00e9 fines?<\/strong><br \/>Se informa que no se realizar\u00e1n transferencias de datos personales, salvo aqu\u00e9llas que sean necesarias para atender requerimientos de informaci\u00f3n de una autoridad competente, que est\u00e9n debidamente fundados y motivados.<\/p><p><strong>\u00bfCu\u00e1l es el fundamento para el tratamiento de datos personales?<\/strong><\/p><p>Con fundamento en los art\u00edculos 5, 14, 19, 20, 22, 23, 26, 31, 34, 37, 39 y dem\u00e1s correlativos, de la Ley de Protecci\u00f3n de Datos Personales en posesi\u00f3n de Sujetos Obligados del Estado de Chiapas, as\u00ed tambi\u00e9n los art\u00edculos 49, 56 y 59 de la Ley de<br \/>AVISO DE PRIVACIDAD INTEGRAL<br \/>PARA LA ATENCI\u00d3N DE SOLICITUDES DE INFORMACI\u00d3N P\u00daBLICA REALIZADAS POR MEDIO DE CORREO ELECTR\u00d3NICO, ESCRITO, PRESENCIAL, O TEL\u00c9FONO<\/p><p>Transparencia y Acceso a la Informaci\u00f3n P\u00fablica del Estado de Chiapas y dem\u00e1s normatividad aplicable.<\/p><p><strong>\u00bfD\u00f3nde puedo ejercer mis derechos ARCO?<\/strong><\/p><p>Usted podr\u00e1 presentar su solicitud para el ejercicio de los derechos de acceso, rectificaci\u00f3n, cancelaci\u00f3n u oposici\u00f3n de sus datos personales (derechos ARCO) directamente ante nuestra Unidad de Transparencia, cuyos datos de contacto son los siguientes:<br \/>a) Nombre de su titular: Lic. Juan Manuel Zarda\u00edn Borbolla<br \/>b) Domicilio: Avenida 1 Sur Oriente S\/N Barrio San Roque, C.P. 29000 Tuxtla Guti\u00e9rrez, Chiapas; Edificio Plaza, 4to piso.<br \/>c) Correo electr\u00f3nico: transparencia@chiapas.org<br \/>d) N\u00famero telef\u00f3nico y extensi\u00f3n: (961) 60 2 89 80 Ext. 248 e) Otro dato de contacto:<br \/>Asimismo, usted podr\u00e1 presentar una solicitud de ejercicio de derechos ARCO a trav\u00e9s de la Plataforma Nacional de Transparencia, disponible en http:\/\/www.plataformadetransparencia.org.mx, y a trav\u00e9s de los siguientes medios:<br \/>Si desea conocer el procedimiento para el ejercicio de estos derechos, puede acudir a la Unidad de Transparencia, o bien enviar un correo electr\u00f3nico a la direcci\u00f3n antes se\u00f1alada o comunicarse al: (961) 60 2 89 80.<\/p><p><strong>\u00bfC\u00f3mo puede conocer los cambios en este aviso de privacidad?<\/strong><br \/>El presente aviso de privacidad puede sufrir modificaciones, cambios o actualizaciones derivadas de nuevos requerimientos legales o por otras causas.<br \/>Nos comprometemos a mantenerlo informado sobre los cambios que pueda sufrir el presente aviso de privacidad, a trav\u00e9s de: En caso de que exista un cambio de este aviso de privacidad, lo haremos de su conocimiento en el \u00e1rea de oficial\u00eda de partes de la CEDH Chiapas y en la siguiente direcci\u00f3n electr\u00f3nica de nuestro portal de Internet: http:\/\/www.cedhchiapas.org<\/p><p>Fecha de actualizaci\u00f3n: 31 de Diciembre de 2020<\/p><\/div>\t<\/div>\n<\/div>\n\n<\/div>\n\n\t<\/div>\n<\/section>\n\n","protected":false},"excerpt":{"rendered":"<p>AVISO DE PRIVACIDAD INTEGRALPARA LA ATENCI\u00d3N DE SOLICITUDES DE INFORMACI\u00d3N P\u00daBLICA REALIZADAS POR MEDIO DE CORREO ELECTR\u00d3NICO, ESCRITO, PRESENCIAL, O TEL\u00c9FONOLa Comisi\u00f3n Estatal de los Derechos Humanos, CEDH Chiapas, sito<\/p>\n","protected":false},"author":2,"featured_media":0,"parent":0,"menu_order":0,"comment_status":"closed","ping_status":"closed","template":"","meta":{"footnotes":""},"jetpack_sharing_enabled":true,"_links":{"self":[{"href":"https:\/\/cedhchiapas.org\/cedh\/wp-json\/wp\/v2\/pages\/1334"}],"collection":[{"href":"https:\/\/cedhchiapas.org\/cedh\/wp-json\/wp\/v2\/pages"}],"about":[{"href":"https:\/\/cedhchiapas.org\/cedh\/wp-json\/wp\/v2\/types\/page"}],"author":[{"embeddable":true,"href":"https:\/\/cedhchiapas.org\/cedh\/wp-json\/wp\/v2\/users\/2"}],"replies":[{"embeddable":true,"href":"https:\/\/cedhchiapas.org\/cedh\/wp-json\/wp\/v2\/comments?post=1334"}],"version-history":[{"count":5,"href":"https:\/\/cedhchiapas.org\/cedh\/wp-json\/wp\/v2\/pages\/1334\/revisions"}],"predecessor-version":[{"id":3489,"href":"https:\/\/cedhchiapas.org\/cedh\/wp-json\/wp\/v2\/pages\/1334\/revisions\/3489"}],"wp:attachment":[{"href":"https:\/\/cedhchiapas.org\/cedh\/wp-json\/wp\/v2\/media?parent=1334"}],"curies":[{"name":"wp","href":"https:\/\/api.w.org\/{rel}","templated":true}]}}