{"id":1284,"date":"2020-07-14T03:59:25","date_gmt":"2020-07-14T03:59:25","guid":{"rendered":"https:\/\/cedh.cedhchiapas.org\/?page_id=1284"},"modified":"2025-06-17T12:08:48","modified_gmt":"2025-06-17T18:08:48","slug":"cedh-transparencia","status":"publish","type":"page","link":"https:\/\/cedhchiapas.org\/cedh\/cedh-transparencia\/","title":{"rendered":"TRANSPARENCIA"},"content":{"rendered":"<section  class=\" section-header-styled auto\" style=\" \">\n\t\t\t\t<div class=\"container\">\n\t\t\n<div class=\"row\">\n\t\n<div class=\"col-md-12   sh-791c3f5e281a958a076e5f12f0c542d2\">\n\t<div class=\"fly-col-inner none\" >\n\t\t<div class=\"fw-heading  sh-62017b7569e37420bf7c29513a49405d fw-heading-h2 fw-heading-center\">\n\t\t<h2 class='fw-special-title'>Unidad de Transparencia<\/h2>\t\t\t<div class=\"separator separator-danger\">\u220e<\/div>\n\t\t<\/div>\t<\/div>\n<\/div>\n\n<\/div>\n\n\n<div class=\"row\">\n\t\n<div class=\"col-md-12   sh-791c3f5e281a958a076e5f12f0c542d2\">\n\t<div class=\"fly-col-inner none\" >\n\t\t<div class=\"text-block shortcode-container  sh-0bc4d303e97b88e74e46e8d292fb4356\">\n\t<div class=\"art-content-layout-row responsive-layout-row-2\"><div class=\"art-layout-cell\"><p align=\"justify\">El reconocimiento del acceso a la informaci\u00f3n como derecho humano es un avance para la construcci\u00f3n de una cultura de trasparencia en el ejercicio de la funci\u00f3n p\u00fablica, condici\u00f3n necesaria para el fortalecimiento de un estado democr\u00e1tico.<\/p><p align=\"justify\">Por esa raz\u00f3n, en la Comisi\u00f3n Estatal de los Derechos Humanos de Chiapas asumimos ese compromiso de cara a los retos actuales para lograr un efectivo acceso a la informaci\u00f3n, como obligaci\u00f3n del poder p\u00fablico, frente al derecho de la sociedad de ser informado.<\/p><p align=\"justify\">En este contexto, le damos la bienvenida a nuestro portal de transparencia donde mostramos la informaci\u00f3n generada por esta Comisi\u00f3n Estatal, a trav\u00e9s de las diferentes secciones que integran dicho portal, en donde las personas tendr\u00e1n la posibilidad de contar con la informaci\u00f3n com\u00fan y especifica de este organismo. Asimismo, con el prop\u00f3sito de facilitar la obtenci\u00f3n de informaci\u00f3n se ha integrado esta herramienta tecnol\u00f3gica para crear un puente comunicaci\u00f3n entre la sociedad y este Comisi\u00f3n Estatal de forma m\u00e1s r\u00e1pida y sencilla.<\/p><div align=\"justify\">Es as\u00ed que para nosotros el cumplimiento de las leyes dentro del marco del respeto de los derechos humanos es imprescindible, porque solo as\u00ed aseguraremos una convivencia armoniosa y pac\u00edfica, en el que cada persona asuma su parte y su responsabilidad en la construcci\u00f3n de una mejor sociedad.<\/div><div align=\"justify\"><\/div><\/div><\/div><div align=\"justify\"><\/div><\/div>\t<\/div>\n<\/div>\n\n<\/div>\n\n\t<\/div>\n<\/section>\n\n","protected":false},"excerpt":{"rendered":"<p>Unidad de Transparencia \u220e El reconocimiento del acceso a la informaci\u00f3n como derecho humano es un avance para la construcci\u00f3n de una cultura de trasparencia en el ejercicio de la<\/p>\n","protected":false},"author":2,"featured_media":0,"parent":0,"menu_order":0,"comment_status":"closed","ping_status":"closed","template":"","meta":{"footnotes":""},"jetpack_sharing_enabled":true,"_links":{"self":[{"href":"https:\/\/cedhchiapas.org\/cedh\/wp-json\/wp\/v2\/pages\/1284"}],"collection":[{"href":"https:\/\/cedhchiapas.org\/cedh\/wp-json\/wp\/v2\/pages"}],"about":[{"href":"https:\/\/cedhchiapas.org\/cedh\/wp-json\/wp\/v2\/types\/page"}],"author":[{"embeddable":true,"href":"https:\/\/cedhchiapas.org\/cedh\/wp-json\/wp\/v2\/users\/2"}],"replies":[{"embeddable":true,"href":"https:\/\/cedhchiapas.org\/cedh\/wp-json\/wp\/v2\/comments?post=1284"}],"version-history":[{"count":7,"href":"https:\/\/cedhchiapas.org\/cedh\/wp-json\/wp\/v2\/pages\/1284\/revisions"}],"predecessor-version":[{"id":9286,"href":"https:\/\/cedhchiapas.org\/cedh\/wp-json\/wp\/v2\/pages\/1284\/revisions\/9286"}],"wp:attachment":[{"href":"https:\/\/cedhchiapas.org\/cedh\/wp-json\/wp\/v2\/media?parent=1284"}],"curies":[{"name":"wp","href":"https:\/\/api.w.org\/{rel}","templated":true}]}}