{"id":1213,"date":"2020-07-14T02:02:45","date_gmt":"2020-07-14T02:02:45","guid":{"rendered":"https:\/\/cedh.cedhchiapas.org\/?page_id=1213"},"modified":"2024-11-08T15:26:46","modified_gmt":"2024-11-08T21:26:46","slug":"galeria-expresidentes","status":"publish","type":"page","link":"https:\/\/cedhchiapas.org\/cedh\/galeria-expresidentes\/","title":{"rendered":"GALER\u00cdA EXPRESIDENTES"},"content":{"rendered":"\t\t<div data-elementor-type=\"wp-page\" data-elementor-id=\"1213\" class=\"elementor elementor-1213\">\n\t\t\t\t\t\t\t\t\t<section class=\"elementor-section elementor-top-section elementor-element elementor-element-ac3f95d elementor-section-height-full elementor-section-full_width elementor-section-height-default elementor-section-items-middle wpr-particle-no wpr-sticky-section-no\" data-id=\"ac3f95d\" data-element_type=\"section\" data-settings=\"{&quot;background_background&quot;:&quot;classic&quot;}\">\n\t\t\t\t\t\t\t<div class=\"elementor-background-overlay\"><\/div>\n\t\t\t\t\t\t\t<div class=\"elementor-container elementor-column-gap-no\">\n\t\t\t\t\t<div class=\"elementor-column elementor-col-100 elementor-top-column elementor-element elementor-element-c805613\" data-id=\"c805613\" data-element_type=\"column\">\n\t\t\t<div class=\"elementor-widget-wrap elementor-element-populated\">\n\t\t\t\t\t\t\t\t<div class=\"elementor-element elementor-element-c8beb15 elementor-widget elementor-widget-heading\" data-id=\"c8beb15\" data-element_type=\"widget\" data-widget_type=\"heading.default\">\n\t\t\t\t<div class=\"elementor-widget-container\">\n\t\t\t<h2 class=\"elementor-heading-title elementor-size-default\">GALER\u00cdA DE EXPRESIDENTES<\/h2>\t\t<\/div>\n\t\t\t\t<\/div>\n\t\t\t\t\t<\/div>\n\t\t<\/div>\n\t\t\t\t\t\t\t<\/div>\n\t\t<\/section>\n\t\t\t\t<section class=\"elementor-section elementor-top-section elementor-element elementor-element-824f46e elementor-section-full_width elementor-section-height-full elementor-section-height-default elementor-section-items-middle wpr-particle-no wpr-sticky-section-no\" data-id=\"824f46e\" data-element_type=\"section\">\n\t\t\t\t\t\t<div class=\"elementor-container elementor-column-gap-default\">\n\t\t\t\t\t<div class=\"elementor-column elementor-col-100 elementor-top-column elementor-element elementor-element-870d52b\" data-id=\"870d52b\" data-element_type=\"column\">\n\t\t\t<div class=\"elementor-widget-wrap elementor-element-populated\">\n\t\t\t\t\t\t\t\t<div class=\"elementor-element elementor-element-f72986b elementor-widget elementor-widget-shortcode\" data-id=\"f72986b\" data-element_type=\"widget\" data-widget_type=\"shortcode.default\">\n\t\t\t\t<div class=\"elementor-widget-container\">\n\t\t\t\t\t<div class=\"elementor-shortcode\"><div id=\"metaslider-id-9080\" style=\"max-width: 400px; margin: 0 auto;\" class=\"ml-slider-3-98-0 metaslider metaslider-flex metaslider-9080 ml-slider ms-theme-bubble has-dots-nav\" role=\"region\" aria-roledescription=\"Slideshow\" aria-label=\"Galer\u00eda de expresidentes\" data-width=\"400\">\n    <div id=\"metaslider_container_9080\">\n        <div id=\"metaslider_9080\">\n            <ul class='slides'>\n                <li style=\"display: block; width: 100%;\" class=\"slide-9082 ms-image \" aria-roledescription=\"slide\" aria-label=\"slide-9082\" data-date=\"2024-11-07 15:57:41\"><img loading=\"lazy\" decoding=\"async\" src=\"https:\/\/cedhchiapas.org\/cedh\/wp-content\/uploads\/2020\/07\/10.-Lic.-Yesmin-Lima-Adam-1-400x600.jpg\" height=\"600\" width=\"400\" alt=\"\" class=\"slider-9080 slide-9082\" title=\"Yesmin Lima Adam\" \/><div class=\"caption-wrap\"><div class=\"caption\"><h2 style=\"text-align:center;\"><strong>YESMIN LIMA ADAM<\/strong><\/h2>\n<h4 style=\"text-align:center;\">1993 - 1997 \/ 2004 - 2006<\/h4><\/div><\/div><\/li>\n                <li style=\"display: none; width: 100%;\" class=\"slide-9081 ms-image \" aria-roledescription=\"slide\" aria-label=\"slide-9081\" data-date=\"2024-11-07 15:57:15\"><img loading=\"lazy\" decoding=\"async\" src=\"https:\/\/cedhchiapas.org\/cedh\/wp-content\/uploads\/2022\/10\/8.-Lic.-Cuauhtemoc-Lopez-Sanchez-1-400x600.jpg\" height=\"600\" width=\"400\" alt=\"\" class=\"slider-9080 slide-9081\" title=\"8.-Lic.-Cuauht\u00e9moc-L\u00f3pez-S\u00e1nchez-1\" \/><div class=\"caption-wrap\"><div class=\"caption\"><div style=\"text-align:center;\">\n<h2 style=\"text-align:center;\"><strong>CUAUHT\u00c9MOC L\u00d3PEZ S\u00c1NCHEZ COELLO<\/strong><\/h2>\n<h4 style=\"text-align:center;\">1997 - 1999<\/h4>\n<\/div><\/div><\/div><\/li>\n                <li style=\"display: none; width: 100%;\" class=\"slide-9087 ms-image \" aria-roledescription=\"slide\" aria-label=\"slide-9087\" data-date=\"2024-11-08 15:15:37\"><img loading=\"lazy\" decoding=\"async\" src=\"https:\/\/cedhchiapas.org\/cedh\/wp-content\/uploads\/2022\/10\/6.-Lic.-Luis-Felipe-Cancino-Gonzalez-1-scaled-1-400x600.jpg\" height=\"600\" width=\"400\" alt=\"\" class=\"slider-9080 slide-9087\" title=\"6.-Lic.-Luis-Felipe-Cancino-Gonz\u00e1lez-1-scaled\" \/><div class=\"caption-wrap\"><div class=\"caption\"><div style=\"text-align:center;\">\n<h2 style=\"text-align:center;\">LUIS FELIPE CANCINO GONZ\u00c1LEZ<\/h2>\n<h4 style=\"text-align:center;\">1999 - 2000<\/h4>\n<\/div><\/div><\/div><\/li>\n                <li style=\"display: none; width: 100%;\" class=\"slide-9088 ms-image \" aria-roledescription=\"slide\" aria-label=\"slide-9088\" data-date=\"2024-11-08 15:18:19\"><img loading=\"lazy\" decoding=\"async\" src=\"https:\/\/cedhchiapas.org\/cedh\/wp-content\/uploads\/2022\/10\/5.-Lic.-Pedro-Raul-Lopez-Hernandez-1-400x600.jpg\" height=\"600\" width=\"400\" alt=\"\" class=\"slider-9080 slide-9088\" title=\"5.-Lic.-Pedro-Ra\u00fal-L\u00f3pez-Hern\u00e1ndez-1\" \/><div class=\"caption-wrap\"><div class=\"caption\"><div style=\"text-align:center;\">\n<h2 style=\"text-align:center;\"><strong>PEDRO RA\u00daL L\u00d3PEZ HERN\u00c1NDEZ<\/strong><\/h2>\n<h4 style=\"text-align:center;\">2001 - 2004<\/h4>\n<\/div><\/div><\/div><\/li>\n                <li style=\"display: none; width: 100%;\" class=\"slide-9089 ms-image \" aria-roledescription=\"slide\" aria-label=\"slide-9089\" data-date=\"2024-11-08 15:19:33\"><img loading=\"lazy\" decoding=\"async\" src=\"https:\/\/cedhchiapas.org\/cedh\/wp-content\/uploads\/2020\/07\/7.-Lic.-Edilberto-Molina-Barrientos-1-scaled-400x600.jpg\" height=\"600\" width=\"400\" alt=\"\" class=\"slider-9080 slide-9089\" title=\"7. Lic. Edilberto Molina Barrientos-1\" \/><div class=\"caption-wrap\"><div class=\"caption\"><div style=\"text-align:center;\">\n<h2 style=\"text-align:center;\"><strong>EDILBERTO MOLINA BARRIENTOS<\/strong><\/h2>\n<h4 style=\"text-align:center;\">2004<\/h4>\n<\/div><\/div><\/div><\/li>\n                <li style=\"display: none; width: 100%;\" class=\"slide-9090 ms-image \" aria-roledescription=\"slide\" aria-label=\"slide-9090\" data-date=\"2024-11-08 15:20:15\"><img loading=\"lazy\" decoding=\"async\" src=\"https:\/\/cedhchiapas.org\/cedh\/wp-content\/uploads\/2022\/10\/3.-Mtro.-Juan-Carlos-Moreno-Guillen-1-400x600.jpg\" height=\"600\" width=\"400\" alt=\"\" class=\"slider-9080 slide-9090\" title=\"3.-Mtro.-Juan-Carlos-Moreno-Guill\u00e9n-1\" \/><div class=\"caption-wrap\"><div class=\"caption\"><div style=\"text-align:center;\">\n<h2 style=\"text-align:center;\"><strong>JUAN CARLOS MORENO GUILL\u00c9N<\/strong><\/h2>\n<h4 style=\"text-align:center;\">2007 - 2011<\/h4>\n<\/div><\/div><\/div><\/li>\n                <li style=\"display: none; width: 100%;\" class=\"slide-9091 ms-image \" aria-roledescription=\"slide\" aria-label=\"slide-9091\" data-date=\"2024-11-08 15:21:08\"><img loading=\"lazy\" decoding=\"async\" src=\"https:\/\/cedhchiapas.org\/cedh\/wp-content\/uploads\/2022\/10\/9.-Dr.-Lorenzo-Lopez-Mendez-1-scaled-1-400x600.jpg\" height=\"600\" width=\"400\" alt=\"\" class=\"slider-9080 slide-9091\" title=\"9.-Dr.-Lorenzo-L\u00f3pez-M\u00e9ndez-1-scaled\" \/><div class=\"caption-wrap\"><div class=\"caption\"><div style=\"text-align:center;\">\n<h2 style=\"text-align:center;\"><strong>LORENZO L\u00d3PEZ M\u00c9NDEZ<\/strong><\/h2>\n<h4 style=\"text-align:center;\">2011 - 2012 \/ 2013 - 2014<\/h4>\n<\/div><\/div><\/div><\/li>\n                <li style=\"display: none; width: 100%;\" class=\"slide-9092 ms-image \" aria-roledescription=\"slide\" aria-label=\"slide-9092\" data-date=\"2024-11-08 15:23:09\"><img loading=\"lazy\" decoding=\"async\" src=\"https:\/\/cedhchiapas.org\/cedh\/wp-content\/uploads\/2020\/07\/1.Dr_.-Florencio-Madariaga-Granados-1-400x600.jpg\" height=\"600\" width=\"400\" alt=\"\" class=\"slider-9080 slide-9092\" title=\"1.Dr. Florencio Madariaga Granados-1\" \/><div class=\"caption-wrap\"><div class=\"caption\"><div style=\"text-align:center;\">\n<h2 style=\"text-align:center;\"><strong>FLORENCIO MADARIAGA GRANADOS<\/strong><\/h2>\n<h4 style=\"text-align:center;\">2012 - 2013<\/h4>\n<\/div><\/div><\/div><\/li>\n                <li style=\"display: none; width: 100%;\" class=\"slide-9093 ms-image \" aria-roledescription=\"slide\" aria-label=\"slide-9093\" data-date=\"2024-11-08 15:24:18\"><img loading=\"lazy\" decoding=\"async\" src=\"https:\/\/cedhchiapas.org\/cedh\/wp-content\/uploads\/2022\/10\/2.-Lic.-Juan-Oscar-Trinidad-Palacios-1-scaled-1-400x600.jpg\" height=\"600\" width=\"400\" alt=\"\" class=\"slider-9080 slide-9093\" title=\"2.-Lic.-Juan-\u00d3scar-Trinidad-Palacios-1-scaled\" \/><div class=\"caption-wrap\"><div class=\"caption\"><div style=\"text-align:center;\">\n<h2 style=\"text-align:center;\"><strong>JUAN OSCAR TRINIDAD PALACIOS<\/strong><\/h2>\n<h4 style=\"text-align:center;\">2014 - 2018<\/h4>\n<\/div><\/div><\/div><\/li>\n            <\/ul>\n        <\/div>\n        \n    <\/div>\n<\/div><\/div>\n\t\t\t\t<\/div>\n\t\t\t\t<\/div>\n\t\t\t\t\t<\/div>\n\t\t<\/div>\n\t\t\t\t\t\t\t<\/div>\n\t\t<\/section>\n\t\t\t\t\t\t\t<\/div>\n\t\t","protected":false},"excerpt":{"rendered":"<p>Galer\u00eda de expresidentes \u220e Licenciada Yesmin Lima Adam \u273b 1993- 1997 \/ 2004-2006 Licenciado Cuauht\u00e9moc L\u00f3pez S\u00e1nchez Coello \u273b 1997-1999 Licenciado Luis Felipe Cancino Gonz\u00e1lez \u273b 1999-2000 Licenciado Pedro Ra\u00fal<\/p>\n","protected":false},"author":2,"featured_media":0,"parent":0,"menu_order":0,"comment_status":"closed","ping_status":"closed","template":"elementor_header_footer","meta":{"footnotes":""},"jetpack_sharing_enabled":true,"_links":{"self":[{"href":"https:\/\/cedhchiapas.org\/cedh\/wp-json\/wp\/v2\/pages\/1213"}],"collection":[{"href":"https:\/\/cedhchiapas.org\/cedh\/wp-json\/wp\/v2\/pages"}],"about":[{"href":"https:\/\/cedhchiapas.org\/cedh\/wp-json\/wp\/v2\/types\/page"}],"author":[{"embeddable":true,"href":"https:\/\/cedhchiapas.org\/cedh\/wp-json\/wp\/v2\/users\/2"}],"replies":[{"embeddable":true,"href":"https:\/\/cedhchiapas.org\/cedh\/wp-json\/wp\/v2\/comments?post=1213"}],"version-history":[{"count":50,"href":"https:\/\/cedhchiapas.org\/cedh\/wp-json\/wp\/v2\/pages\/1213\/revisions"}],"predecessor-version":[{"id":9094,"href":"https:\/\/cedhchiapas.org\/cedh\/wp-json\/wp\/v2\/pages\/1213\/revisions\/9094"}],"wp:attachment":[{"href":"https:\/\/cedhchiapas.org\/cedh\/wp-json\/wp\/v2\/media?parent=1213"}],"curies":[{"name":"wp","href":"https:\/\/api.w.org\/{rel}","templated":true}]}}