{"id":1202,"date":"2020-07-14T01:53:39","date_gmt":"2020-07-14T01:53:39","guid":{"rendered":"https:\/\/cedh.cedhchiapas.org\/?page_id=1202"},"modified":"2025-05-08T10:43:59","modified_gmt":"2025-05-08T16:43:59","slug":"mensaje-del-presidente-de-la-cedh","status":"publish","type":"page","link":"https:\/\/cedhchiapas.org\/cedh\/mensaje-del-presidente-de-la-cedh\/","title":{"rendered":"Mensaje del Presidente de la CEDH"},"content":{"rendered":"\t\t<div data-elementor-type=\"wp-page\" data-elementor-id=\"1202\" class=\"elementor elementor-1202\">\n\t\t\t\t\t\t\t\t\t<section class=\"elementor-section elementor-top-section elementor-element elementor-element-2557b04 elementor-section-height-full elementor-section-full_width elementor-section-height-default elementor-section-items-middle wpr-particle-no wpr-sticky-section-no\" data-id=\"2557b04\" data-element_type=\"section\" data-settings=\"{&quot;background_background&quot;:&quot;classic&quot;}\">\n\t\t\t\t\t\t\t<div class=\"elementor-background-overlay\"><\/div>\n\t\t\t\t\t\t\t<div class=\"elementor-container elementor-column-gap-no\">\n\t\t\t\t\t<div class=\"elementor-column elementor-col-100 elementor-top-column elementor-element elementor-element-20e2329\" data-id=\"20e2329\" data-element_type=\"column\">\n\t\t\t<div class=\"elementor-widget-wrap elementor-element-populated\">\n\t\t\t\t\t\t\t\t<div class=\"elementor-element elementor-element-0911c41 elementor-widget elementor-widget-heading\" data-id=\"0911c41\" data-element_type=\"widget\" data-widget_type=\"heading.default\">\n\t\t\t\t<div class=\"elementor-widget-container\">\n\t\t\t<h2 class=\"elementor-heading-title elementor-size-default\">MENSAJE DEL PRESIDENTE DE LA CEDH<\/h2>\t\t<\/div>\n\t\t\t\t<\/div>\n\t\t\t\t\t<\/div>\n\t\t<\/div>\n\t\t\t\t\t\t\t<\/div>\n\t\t<\/section>\n\t\t\t\t<section class=\"elementor-section elementor-top-section elementor-element elementor-element-7fd7cb2 elementor-section-boxed elementor-section-height-default elementor-section-height-default wpr-particle-no wpr-sticky-section-no\" data-id=\"7fd7cb2\" data-element_type=\"section\">\n\t\t\t\t\t\t<div class=\"elementor-container elementor-column-gap-default\">\n\t\t\t\t\t<div class=\"elementor-column elementor-col-100 elementor-top-column elementor-element elementor-element-8a781df\" data-id=\"8a781df\" data-element_type=\"column\">\n\t\t\t<div class=\"elementor-widget-wrap elementor-element-populated\">\n\t\t\t\t\t\t\t\t<div class=\"elementor-element elementor-element-f20caa8 elementor-position-right elementor-vertical-align-middle elementor-widget elementor-widget-image-box\" data-id=\"f20caa8\" data-element_type=\"widget\" data-widget_type=\"image-box.default\">\n\t\t\t\t<div class=\"elementor-widget-container\">\n\t\t\t<div class=\"elementor-image-box-wrapper\"><figure class=\"elementor-image-box-img\"><img loading=\"lazy\" decoding=\"async\" width=\"1298\" height=\"1298\" src=\"https:\/\/cedhchiapas.org\/cedh\/wp-content\/uploads\/2025\/05\/486382731_1050866400410133_1125965440577261711_n-e1746717830220.jpg\" class=\"elementor-animation-grow attachment-full size-full wp-image-9699\" alt=\"\" srcset=\"https:\/\/cedhchiapas.org\/cedh\/wp-content\/uploads\/2025\/05\/486382731_1050866400410133_1125965440577261711_n-e1746717830220.jpg 1298w, https:\/\/cedhchiapas.org\/cedh\/wp-content\/uploads\/2025\/05\/486382731_1050866400410133_1125965440577261711_n-e1746717830220-300x300.jpg 300w, https:\/\/cedhchiapas.org\/cedh\/wp-content\/uploads\/2025\/05\/486382731_1050866400410133_1125965440577261711_n-e1746717830220-1024x1024.jpg 1024w, https:\/\/cedhchiapas.org\/cedh\/wp-content\/uploads\/2025\/05\/486382731_1050866400410133_1125965440577261711_n-e1746717830220-150x150.jpg 150w, https:\/\/cedhchiapas.org\/cedh\/wp-content\/uploads\/2025\/05\/486382731_1050866400410133_1125965440577261711_n-e1746717830220-768x768.jpg 768w, https:\/\/cedhchiapas.org\/cedh\/wp-content\/uploads\/2025\/05\/486382731_1050866400410133_1125965440577261711_n-e1746717830220-12x12.jpg 12w, https:\/\/cedhchiapas.org\/cedh\/wp-content\/uploads\/2025\/05\/486382731_1050866400410133_1125965440577261711_n-e1746717830220-100x100.jpg 100w\" sizes=\"(max-width: 1298px) 100vw, 1298px\" \/><\/figure><div class=\"elementor-image-box-content\"><h3 class=\"elementor-image-box-title\">Mensaje del Presidente de la CEDH<\/h3><p class=\"elementor-image-box-description\">En la Comisi\u00f3n Estatal de los Derechos Humanos de Chiapas, reafirmamos nuestro compromiso inquebrantable con la dignidad humana, la justicia y la paz. En un tiempo donde los desaf\u00edos sociales demandan acciones firmes y responsables, nuestro trabajo cobra mayor relevancia.\n<br><br>\nHoy m\u00e1s que nunca, reconocemos que la defensa de los derechos humanos no es una tarea exclusiva de las instituciones, sino una responsabilidad compartida que nos convoca a todas y todos. Es nuestra misi\u00f3n promover una cultura de respeto, equidad e inclusi\u00f3n, en cada rinc\u00f3n de nuestro estado.\n<br><br>\nDesde esta Comisi\u00f3n, continuamos fortaleciendo los mecanismos de atenci\u00f3n, promoviendo la formaci\u00f3n y sensibilizaci\u00f3n, y trabajando de la mano con la sociedad civil, autoridades y comunidades para garantizar que cada persona viva con libertad, seguridad y dignidad.\n<br><br>\nInvito a cada ciudadana y ciudadano chiapaneco a sumarse, desde su \u00e1mbito, a este esfuerzo colectivo por un Chiapas m\u00e1s justo, m\u00e1s humano y m\u00e1s solidario. Porque los derechos humanos no se agradecen, se exigen, se protegen y se hacen valer.\n<br><br>\n<strong>Mtro. Horacio Culebro Borrayas\n<br>\nPresidente\n<br>\nComisi\u00f3n Estatal de los Derechos Humanos<\/p><\/div><\/div>\t\t<\/div>\n\t\t\t\t<\/div>\n\t\t\t\t\t<\/div>\n\t\t<\/div>\n\t\t\t\t\t\t\t<\/div>\n\t\t<\/section>\n\t\t\t\t\t\t\t<\/div>\n\t\t","protected":false},"excerpt":{"rendered":"<p>La p\u00e1gina de la Comisi\u00f3n Estatal de los Derechos Humanos tiene el prop\u00f3sito de entrar en contacto con personas, familias, organizaciones de la sociedad civil, medios de comunicaci\u00f3n e instituciones<\/p>\n","protected":false},"author":2,"featured_media":0,"parent":0,"menu_order":0,"comment_status":"closed","ping_status":"closed","template":"elementor_header_footer","meta":{"footnotes":""},"jetpack_sharing_enabled":true,"_links":{"self":[{"href":"https:\/\/cedhchiapas.org\/cedh\/wp-json\/wp\/v2\/pages\/1202"}],"collection":[{"href":"https:\/\/cedhchiapas.org\/cedh\/wp-json\/wp\/v2\/pages"}],"about":[{"href":"https:\/\/cedhchiapas.org\/cedh\/wp-json\/wp\/v2\/types\/page"}],"author":[{"embeddable":true,"href":"https:\/\/cedhchiapas.org\/cedh\/wp-json\/wp\/v2\/users\/2"}],"replies":[{"embeddable":true,"href":"https:\/\/cedhchiapas.org\/cedh\/wp-json\/wp\/v2\/comments?post=1202"}],"version-history":[{"count":29,"href":"https:\/\/cedhchiapas.org\/cedh\/wp-json\/wp\/v2\/pages\/1202\/revisions"}],"predecessor-version":[{"id":9709,"href":"https:\/\/cedhchiapas.org\/cedh\/wp-json\/wp\/v2\/pages\/1202\/revisions\/9709"}],"wp:attachment":[{"href":"https:\/\/cedhchiapas.org\/cedh\/wp-json\/wp\/v2\/media?parent=1202"}],"curies":[{"name":"wp","href":"https:\/\/api.w.org\/{rel}","templated":true}]}}